{"id":12036,"date":"2025-09-24T07:01:12","date_gmt":"2025-09-24T07:01:12","guid":{"rendered":"https:\/\/elparaisogolf.com\/reglas-de-la-bandera\/"},"modified":"2025-09-24T07:01:50","modified_gmt":"2025-09-24T07:01:50","slug":"reglas-de-la-bandera","status":"publish","type":"page","link":"https:\/\/elparaisogolf.com\/es\/reglas-de-la-bandera\/","title":{"rendered":"REGLAS DE LA BANDERA"},"content":{"rendered":"\t\t<div data-elementor-type=\"wp-page\" data-elementor-id=\"12036\" class=\"elementor elementor-12036 elementor-12034\" data-elementor-post-type=\"page\">\n\t\t\t\t<div class=\"elementor-element elementor-element-5dac65f8 e-flex e-con-boxed e-con e-parent\" data-id=\"5dac65f8\" data-element_type=\"container\" data-e-type=\"container\">\n\t\t\t\t\t<div class=\"e-con-inner\">\n\t\t\t\t<div class=\"elementor-element elementor-element-2b72cc6f elementor-widget elementor-widget-text-editor\" data-id=\"2b72cc6f\" data-element_type=\"widget\" data-e-type=\"widget\" data-widget_type=\"text-editor.default\">\n\t\t\t\t\t\t\t\t\t<div class=\"container\"><h1>Normas espec\u00edficas de la Bandera Azul<\/h1><ul><li>Los titulares de una bandera azul que compartan una silla de paseo con un usuario que no sea de bandera azul no deben ceder los privilegios de uso.<\/li><li>La regla de los 90 grados debe respetarse en todo momento.<\/li><li>Los usuarios de buggies, incluidos los que lleven banderas azules, deben seguir las indicaciones de los Course Marshalls.<\/li><li>Los usuarios de la bandera azul pueden sobrepasar las se\u00f1ales de salida de la calle, pero s\u00f3lo si es necesario para efectuar un golpe a green.<\/li><li>El carrito no debe conducirse a menos de <strong>10 metros<\/strong> del green y a un lado de los accesos al green. Las se\u00f1ales de salida del carrito marcar\u00e1n esta l\u00ednea. <\/li><li>El punto de salida desde esta posici\u00f3n debe ser hacia el camino que rodea el green y no tomando atajos hacia el siguiente tee.<\/li><li>Los usuarios de la bandera azul deben aparcar en el sendero en el punto de acceso m\u00e1s cercano al green o tee siempre que sea posible y luego seguir por el sendero hasta el siguiente tee y calle.<\/li><li>Las banderas azules deben ser visibles a 20 cm por encima de la parte superior del buggy para que los jugadores\/visitantes puedan verlas.<\/li><\/ul><h3>Atajos NO permitidos (ejemplos, no es una lista completa):<\/h3><ol><li>Acceso directo desde la calle del 10 a la derecha del green hasta el 11.<\/li><li>Directamente desde la calle 11 hasta el tee del 12.<\/li><li>Directamente desde el lado izquierdo de la calle 13, sube la pendiente y pasa por encima del bordillo hasta el tee del 14.<\/li><li>Conduce a la izquierda del green del 14 y de los tees del 13 y 15.<\/li><li>Desde la derecha de la calle y green del 15 hasta el tee del 16.<\/li><li>Sube directamente por la pendiente desde el 1er green hasta el 2\u00ba tee.<\/li><li>Saliendo del hoyo 9 por la izquierda del green directamente al camino frente a la casa club.<\/li><\/ol><h1>Normas espec\u00edficas de Bandera Roja<\/h1><p><em>C\u00f3digo de Conducta del Club de Socios El Para\u00edso Versi\u00f3n 2.2 &#8211; Septiembre 2020<\/em><\/p><p>En determinadas circunstancias muy excepcionales, puede emitirse una bandera roja para un afiliado con problemas de salud debilitantes o una discapacidad.<\/p><p>Las normas y orientaciones para el uso de los porta-banderas rojos son las mismas que para los porta-banderas azules. No obstante: <\/p><ul><li>Los usuarios pueden aparcar sus buggies m\u00e1s cerca de las superficies de los greens, en los laterales y en la parte trasera de los greens, cuando el terreno de los caminos de los buggies dificulte el acceso.<\/li><li>Los usuarios tambi\u00e9n pueden acercar su silla de paseo a los tees cuando sea pr\u00e1ctico y necesario.<\/li><\/ul><p><em>Pol\u00edtica aprobada por la Junta Directiva del Club de Golf El Para\u00edso y los directivos del Comit\u00e9 del Club de Socios.<\/em><\/p><\/div><p> <\/p>\t\t\t\t\t\t\t\t<\/div>\n\t\t\t\t\t<\/div>\n\t\t\t\t<\/div>\n\t\t\t\t<\/div>\n\t\t","protected":false},"excerpt":{"rendered":"<p>Normas espec\u00edficas de la Bandera Azul Los titulares de una bandera azul que compartan una silla de paseo con un usuario que no sea de bandera azul no deben ceder los privilegios de uso. La regla de los 90 grados debe respetarse en todo momento. Los usuarios de buggies, incluidos los que lleven banderas azules, [&hellip;]<\/p>\n","protected":false},"author":1,"featured_media":0,"parent":0,"menu_order":0,"comment_status":"closed","ping_status":"closed","template":"","meta":{"footnotes":""},"class_list":["post-12036","page","type-page","status-publish","hentry"],"_links":{"self":[{"href":"https:\/\/elparaisogolf.com\/es\/wp-json\/wp\/v2\/pages\/12036","targetHints":{"allow":["GET"]}}],"collection":[{"href":"https:\/\/elparaisogolf.com\/es\/wp-json\/wp\/v2\/pages"}],"about":[{"href":"https:\/\/elparaisogolf.com\/es\/wp-json\/wp\/v2\/types\/page"}],"author":[{"embeddable":true,"href":"https:\/\/elparaisogolf.com\/es\/wp-json\/wp\/v2\/users\/1"}],"replies":[{"embeddable":true,"href":"https:\/\/elparaisogolf.com\/es\/wp-json\/wp\/v2\/comments?post=12036"}],"version-history":[{"count":2,"href":"https:\/\/elparaisogolf.com\/es\/wp-json\/wp\/v2\/pages\/12036\/revisions"}],"predecessor-version":[{"id":12041,"href":"https:\/\/elparaisogolf.com\/es\/wp-json\/wp\/v2\/pages\/12036\/revisions\/12041"}],"wp:attachment":[{"href":"https:\/\/elparaisogolf.com\/es\/wp-json\/wp\/v2\/media?parent=12036"}],"curies":[{"name":"wp","href":"https:\/\/api.w.org\/{rel}","templated":true}]}}