{"id":12012,"date":"2025-09-24T06:52:56","date_gmt":"2025-09-24T06:52:56","guid":{"rendered":"https:\/\/elparaisogolf.com\/reglas-del-buggy\/"},"modified":"2025-09-24T06:59:47","modified_gmt":"2025-09-24T06:59:47","slug":"reglas-del-buggy","status":"publish","type":"page","link":"https:\/\/elparaisogolf.com\/es\/reglas-del-buggy\/","title":{"rendered":"REGLAS DEL BUGGY"},"content":{"rendered":"\t\t<div data-elementor-type=\"wp-page\" data-elementor-id=\"12012\" class=\"elementor elementor-12012 elementor-12009\" data-elementor-post-type=\"page\">\n\t\t\t\t<div class=\"elementor-element elementor-element-5dac65f8 e-flex e-con-boxed e-con e-parent\" data-id=\"5dac65f8\" data-element_type=\"container\" data-e-type=\"container\">\n\t\t\t\t\t<div class=\"e-con-inner\">\n\t\t\t\t<div class=\"elementor-element elementor-element-2b72cc6f elementor-widget elementor-widget-text-editor\" data-id=\"2b72cc6f\" data-element_type=\"widget\" data-e-type=\"widget\" data-widget_type=\"text-editor.default\">\n\t\t\t\t\t\t\t\t\t<h2>NORMAS CON ERRORES PARA TODOS LOS USUARIOS<\/h2><div class=\"container\"><p><strong>TODOS LOS USUARIOS DE BUGGIES DEBEN MOSTRAR RESPETO POR EL CAMPO Y CONDUCIR DE FORMA RESPONSABLE.<\/strong><\/p><p>Los da\u00f1os causados por los neum\u00e1ticos de los buggies pueden tardar semanas en recuperarse.<\/p><ol><li>Todos los conductores de buggies deben respetar las se\u00f1ales que indican el camino para los buggies; a menos que tengas una bandera azul, no conduzcas m\u00e1s cerca del green que las se\u00f1ales de direcci\u00f3n que indican el camino para los buggies, ya sea en la calle o en el rough. Evita todas las zonas marcadas como terreno en reparaci\u00f3n y las zonas h\u00famedas del campo. <\/li><li>La mayor\u00eda de los d\u00edas del a\u00f1o en El Para\u00edso se permite conducir buggies por todas las calles; la \u00fanica excepci\u00f3n, por motivos de seguridad, es el hoyo 5. Los buggies deben conducirse desde los caminos de carros a 90 grados al cruzar las calles y el rough. No conduzcas por el centro de la calle, ya que esto provoca una compactaci\u00f3n excesiva.  <\/li><li>Observa las se\u00f1ales para saber si los cochecitos est\u00e1n restringidos \u00fanicamente a los caminos.<\/li><li>Los buggies NO DEBEN ser utilizados por m\u00e1s de 2 personas y, por razones de seguro y seguridad, nunca deben ser conducidos por menores de 16 a\u00f1os. Todos los jugadores deben ir sentados dentro del buggy. <\/li><li>Los buggies, incluidos los que tienen banderas azules, NO DEBEN circular bajo ninguna circunstancia por los tees o sus orillas, a menos de 10 metros de los bordes de los b\u00fankeres o cerca del cuello de un green.<\/li><li>Cuando aparques un buggy junto a un tee o un green, NO te salgas del camino de buggies hacia la hierba, a menos que se produzca una obstrucci\u00f3n. Utiliza las zonas de aparcamiento designadas siempre que sea posible. <\/li><li>No se pueden utilizar m\u00e1s de 2 buggies en cada vuelo, independientemente del n\u00famero de jugadores.<\/li><\/ol><h2>ORIENTACI\u00d3N GENERAL A LOS USUARIOS DE BUGGY<\/h2><ul><li>La regla de los 90 grados debe respetarse en todo momento.<\/li><li>Los usuarios de buggies deben obedecer las indicaciones de los Course Marshalls y de los Oficiales del Club. En caso contrario, se tomar\u00e1n medidas disciplinarias. <\/li><li>Evita todas las zonas marcadas como Terreno en reparaci\u00f3n y las zonas h\u00famedas del recorrido.<\/li><li>Los buggies deben salir de la calle en o antes de las se\u00f1ales de direcci\u00f3n y conducir directamente hasta el camino y luego seguir el camino alrededor del green y hasta el siguiente tee hasta llegar al punto de salida a la siguiente calle. No se deben tomar atajos hasta el siguiente tee. <\/li><\/ul><p>Los atajos que NO est\u00e1n permitidos incluyen como ejemplos los siguientes, pero no es una lista completa:<\/p><ul><li>Salida de la calle del hoyo 10 a la derecha del green<\/li><li>Acceso directo desde la calle 11 al tee del 12<\/li><li>Directamente desde el lado izquierdo de la calle 13 por la pendiente y por encima del bordillo hasta el tee del 14<\/li><li>Conducci\u00f3n a la izquierda del green del 14 y del tee del 15<\/li><li>Desde la derecha del green del 15 y la calle hasta el tee del 16<\/li><li>Directamente por la pendiente desde el 1er green hasta el 2\u00ba tee<\/li><li>Desde la calle 8 hasta el tee del 9<\/li><li>Salida del hoyo 9 por la izquierda del green hacia el camino frente a la casa club<\/li><\/ul><p>Los buggies deben aparcar en el camino del punto de acceso m\u00e1s cercano al green y luego seguir por el camino hasta el siguiente tee y calle.<br>Los buggies deben aparcar en el camino junto al tee y no en los alrededores del tee ni en las pendientes.<br>Los buggies no deben entrar ni pasar por las zonas acordonadas.<\/p><h2>NORMAS PARA LOS TITULARES DE LA BANDERA AZUL<\/h2><h3>POL\u00cdTICA DE BANDERA AZUL &#8211; VISI\u00d3N GENERAL<\/h3><p>LA BANDERA AZUL SE EXPIDE POR UN M\u00c1XIMO DE 12 MESES, TRANSCURRIDOS LOS CUALES EL TITULAR DEBE DIRIGIRSE POR ESCRITO AL SECRETARIO DEL COMIT\u00c9 DEL CLUB <a href=\"mailto:mcsecretary@elparaisogolf.com\">mcsecretary@elparaisogolf.com<\/a> SOLICITANDO UNA PR\u00d3RROGA. SE PODR\u00c1 SOLICITAR UN CERTIFICADO M\u00c9DICO QUE LO JUSTIFIQUE. SI EL TITULAR NO RESPONDE, EL COMIT\u00c9 DEL CLUB CONSIDERAR\u00c1 QUE LA BANDERA AZUL YA NO ES NECESARIA Y LA RETIRAR\u00c1.  <\/p><p>La posesi\u00f3n de una bandera azul es un reconocimiento de la movilidad restringida de un jugador, y es un privilegio y no un derecho autom\u00e1tico. El Director General es responsable de la concesi\u00f3n de una Bandera Azul, bas\u00e1ndose en pruebas m\u00e9dicas del miembro en cuesti\u00f3n, y tiene discreci\u00f3n para emitir un juicio. Se lleva un registro y todos los titulares de una Bandera Azul deben firmar una declaraci\u00f3n en la que se comprometen a cumplir las normas, que se detallan a continuaci\u00f3n. Tambi\u00e9n se aplican las normas habituales sobre buggies, y debe respetarse siempre que sea posible la regla de los 90 grados desde los caminos de los buggies hasta la bola de un jugador. Se aconseja a los Jefes de Campo que informen a un miembro del Comit\u00e9 de cualquier infracci\u00f3n de estas normas.    <\/p><p>A partir de ese momento, el Comit\u00e9 del Club tiene autoridad para retirar o suspender la condici\u00f3n de Bandera Azul de un miembro si \u00e9ste abusa o sigue abusando de este privilegio. El miembro recibir\u00e1 primero una advertencia formal sobre el uso de su buggy en zonas restringidas. El incumplimiento reiterado de las normas por parte de un miembro puede dar lugar a un periodo de suspensi\u00f3n o, posteriormente, a la p\u00e9rdida permanente de la Bandera Azul. Es responsabilidad del titular de la Bandera Azul devolverla en cuanto la movilidad se lo permita.   <\/p><p>Los usuarios de la Bandera Azul pueden sobrepasar las se\u00f1ales de salida de la calle, pero s\u00f3lo si es necesario para efectuar un golpe al green. El buggy no debe conducirse a menos de 20 metros del green. El punto de salida debe ser la distancia m\u00e1s corta al camino del buggy desde el green y no tomando atajos hasta el siguiente tee.  <\/p><p>No se espera que los miembros en posesi\u00f3n de una Bandera Azul jueguen al golf cuando el uso de buggies est\u00e9 restringido a &#8220;s\u00f3lo caminos&#8221;. Esto se debe a las distancias adicionales que tendr\u00edan que recorrer en condiciones dif\u00edciles del campo. Los titulares de una Bandera Azul que decidan jugar al golf en estas circunstancias deben ser conscientes de que lo hacen por su cuenta y riesgo y de que el uso continuado de su Bandera Azul puede ponerse en entredicho.  <\/p><h3>NORMAS PARA LOS TITULARES DE LA BANDERA AZUL<\/h3><ul><li>Los usuarios de la Bandera Azul pueden sobrepasar las se\u00f1ales de salida de los buggies del fairway, pero s\u00f3lo hasta 20 metros antes del green y no m\u00e1s cerca.<\/li><li>No se permiten atajos en ninguna calle. El punto de salida cuando se est\u00e1 cerca del green debe ser la distancia m\u00e1s corta de vuelta al camino del buggy y NO alrededor del green. <\/li><li>Los pasajeros sin Bandera Azul deben bajarse antes de que la calesa pase las se\u00f1ales de salida y caminar hasta su bola.<\/li><li>El conductor del buggy DEBE ser el portador de la Bandera Azul.<\/li><li>Si un pasajero tambi\u00e9n es portador de una Bandera Azul, ambas banderas azules deben estar sujetas al techo de la silla de paseo.<\/li><li>Un buggy con Bandera Azul debe seguir cumpliendo las instrucciones de los Jefes de Pista. Si no lo hace, podr\u00e1 ser objeto de medidas disciplinarias. <\/li><\/ul><p>En circunstancias muy excepcionales, un titular de una Bandera Azul con problemas de salud debilitantes continuos puede solicitar al Secretario del Comit\u00e9 del Club la concesi\u00f3n de una Bandera Roja, e incluir todas las pruebas m\u00e9dicas pertinentes. Cualquier amonestaci\u00f3n o suspensi\u00f3n previa mientras se posea una Bandera Azul podr\u00e1 tenerse en cuenta a la hora de conceder una Bandera Roja. <\/p><h3>Exhibici\u00f3n de una bandera azul<\/h3><p>Debe colocarse en un lugar visible por encima del techo del buggy, de modo que sea claramente visible para los vigilantes del campo y otros usuarios de buggies. Es muy importante que la bandera se muestre claramente, para que los visitantes que vean que un buggy se acerca al green m\u00e1s de lo permitido, se den cuenta de que tiene un permiso especial y no supongan que es aceptable que ellos hagan lo mismo. <\/p><p>El Club ha adquirido un n\u00famero limitado de pinzas y astas de bandera especiales, por las que se cobra una cantidad. Este importe se reembolsa cuando se devuelven. <\/p><p><strong>TEN EN CUENTA:<\/strong> Un miembro que no est\u00e9 registrado para ser titular de una Bandera Azul, pero la exhiba y haga uso de los privilegios de la Bandera Azul en el campo, puede ser objeto de medidas disciplinarias.<\/p><h2>ORIENTACIONES PARA LOS TITULARES DE BANDERAS ROJAS<\/h2><p>En determinadas circunstancias muy excepcionales, puede expedirse una bandera roja a un afiliado con problemas de salud debilitantes o una discapacidad. Las normas y orientaciones para el uso de los porta-banderas rojos son las mismas que para los porta-banderas azules. Sin embargo, los usuarios pueden aparcar su cochecito m\u00e1s cerca de las superficies verdes de los laterales y la parte trasera de los greens cuando el terreno de los caminos para cochecitos dificulte el acceso. Los usuarios tambi\u00e9n pueden acercar su buggy a los b\u00fankeres y tees cuando sea pr\u00e1ctico y necesario.   <\/p><h2>USO DE CARROS MANUALES Y EL\u00c9CTRICOS<\/h2><p>Est\u00e1 terminantemente prohibido hacer pasar carritos el\u00e9ctricos o de mano por los tees de salida y entre los b\u00fankers de los greens y el green.<\/p><h2>PUNTOS GENERALES SOBRE LA SE\u00d1ALIZACI\u00d3N<\/h2><p>Cada hoyo puede tener puntos de salida de la calle claramente marcados, tanto para buggies como para carritos.<\/p><p>CARRITOS<strong>:<\/strong> Deben colocarse en la parte delantera del green, a 20 metros del borde delantero del green. Tambi\u00e9n designar\u00e1n el punto m\u00e1s cercano al que los usuarios de carritos y los buggies con Bandera Azul pueden acercarse al green. Estas se\u00f1ales dirigen a los usuarios de carritos alrededor de los b\u00fankeres junto al green y NO entre los b\u00fankeres y los greens.  <\/p><p><img fetchpriority=\"high\" decoding=\"async\" class=\"alignnone size-full wp-image-12015\" src=\"https:\/\/elparaisogolf.com\/wp-content\/uploads\/2025\/09\/buggy-rules.png\" alt=\"\" width=\"598\" height=\"388\" srcset=\"https:\/\/elparaisogolf.com\/wp-content\/uploads\/2025\/09\/buggy-rules.png 598w, https:\/\/elparaisogolf.com\/wp-content\/uploads\/2025\/09\/buggy-rules-300x195.png 300w\" sizes=\"(max-width: 598px) 100vw, 598px\" \/><\/p><p><strong>BUGGIES:<\/strong> Estas se\u00f1ales se colocar\u00e1n en un punto apropiado cerca del green. La flecha de direcci\u00f3n se\u00f1alar\u00e1 a los buggies el punto en el que TODOS los buggies se unir\u00e1n al camino de carros. <\/p><p><img decoding=\"async\" class=\"alignnone size-full wp-image-12017\" src=\"https:\/\/elparaisogolf.com\/wp-content\/uploads\/2025\/09\/buggy-rules-2.png\" alt=\"\" width=\"386\" height=\"448\" srcset=\"https:\/\/elparaisogolf.com\/wp-content\/uploads\/2025\/09\/buggy-rules-2.png 386w, https:\/\/elparaisogolf.com\/wp-content\/uploads\/2025\/09\/buggy-rules-2-258x300.png 258w\" sizes=\"(max-width: 386px) 100vw, 386px\" \/><\/p><p><strong>SE\u00d1AL DE CARRERA:<\/strong> Estas se\u00f1ales deben utilizar nuestros colores corporativos y logotipo cuando proceda.<\/p><p><img decoding=\"async\" class=\"alignnone size-full wp-image-12019\" src=\"https:\/\/elparaisogolf.com\/wp-content\/uploads\/2025\/09\/buggy-rules-3.png\" alt=\"\" width=\"764\" height=\"510\" srcset=\"https:\/\/elparaisogolf.com\/wp-content\/uploads\/2025\/09\/buggy-rules-3.png 764w, https:\/\/elparaisogolf.com\/wp-content\/uploads\/2025\/09\/buggy-rules-3-300x200.png 300w\" sizes=\"(max-width: 764px) 100vw, 764px\" \/><\/p><p><em>Pol\u00edtica aprobada por la Junta Directiva del Club de Golf El Para\u00edso, y funcionarios del Comit\u00e9 del Club de Socios El Para\u00edso.<\/em><\/p><\/div>\t\t\t\t\t\t\t\t<\/div>\n\t\t\t\t\t<\/div>\n\t\t\t\t<\/div>\n\t\t\t\t<\/div>\n\t\t","protected":false},"excerpt":{"rendered":"<p>NORMAS CON ERRORES PARA TODOS LOS USUARIOS TODOS LOS USUARIOS DE BUGGIES DEBEN MOSTRAR RESPETO POR EL CAMPO Y CONDUCIR DE FORMA RESPONSABLE. Los da\u00f1os causados por los neum\u00e1ticos de los buggies pueden tardar semanas en recuperarse. Todos los conductores de buggies deben respetar las se\u00f1ales que indican el camino para los buggies; a menos [&hellip;]<\/p>\n","protected":false},"author":1,"featured_media":0,"parent":0,"menu_order":0,"comment_status":"closed","ping_status":"closed","template":"","meta":{"footnotes":""},"class_list":["post-12012","page","type-page","status-publish","hentry"],"_links":{"self":[{"href":"https:\/\/elparaisogolf.com\/es\/wp-json\/wp\/v2\/pages\/12012","targetHints":{"allow":["GET"]}}],"collection":[{"href":"https:\/\/elparaisogolf.com\/es\/wp-json\/wp\/v2\/pages"}],"about":[{"href":"https:\/\/elparaisogolf.com\/es\/wp-json\/wp\/v2\/types\/page"}],"author":[{"embeddable":true,"href":"https:\/\/elparaisogolf.com\/es\/wp-json\/wp\/v2\/users\/1"}],"replies":[{"embeddable":true,"href":"https:\/\/elparaisogolf.com\/es\/wp-json\/wp\/v2\/comments?post=12012"}],"version-history":[{"count":4,"href":"https:\/\/elparaisogolf.com\/es\/wp-json\/wp\/v2\/pages\/12012\/revisions"}],"predecessor-version":[{"id":12032,"href":"https:\/\/elparaisogolf.com\/es\/wp-json\/wp\/v2\/pages\/12012\/revisions\/12032"}],"wp:attachment":[{"href":"https:\/\/elparaisogolf.com\/es\/wp-json\/wp\/v2\/media?parent=12012"}],"curies":[{"name":"wp","href":"https:\/\/api.w.org\/{rel}","templated":true}]}}