{"id":10244,"date":"2023-04-09T09:12:15","date_gmt":"2023-04-09T09:12:15","guid":{"rendered":"https:\/\/elparaisogolf.com\/restaurante-la-cabana\/"},"modified":"2026-03-21T18:09:46","modified_gmt":"2026-03-21T18:09:46","slug":"restaurante-2","status":"publish","type":"page","link":"https:\/\/elparaisogolf.com\/es\/restaurante-2\/","title":{"rendered":"Restaurante"},"content":{"rendered":"\t\t<div data-elementor-type=\"wp-page\" data-elementor-id=\"10244\" class=\"elementor elementor-10244 elementor-9050\" data-elementor-post-type=\"page\">\n\t\t\t\t\t\t<section class=\"elementor-section elementor-top-section elementor-element elementor-element-668bd34 elementor-section-boxed elementor-section-height-default elementor-section-height-default\" data-id=\"668bd34\" data-element_type=\"section\" data-e-type=\"section\">\n\t\t\t\t\t\t<div class=\"elementor-container elementor-column-gap-default\">\n\t\t\t\t\t<div class=\"elementor-column elementor-col-100 elementor-top-column elementor-element elementor-element-e75b878\" data-id=\"e75b878\" data-element_type=\"column\" data-e-type=\"column\">\n\t\t\t<div class=\"elementor-widget-wrap elementor-element-populated\">\n\t\t\t\t\t\t<section class=\"elementor-section elementor-inner-section elementor-element elementor-element-6e23e568 elementor-section-boxed elementor-section-height-default elementor-section-height-default\" data-id=\"6e23e568\" data-element_type=\"section\" data-e-type=\"section\">\n\t\t\t\t\t\t<div class=\"elementor-container elementor-column-gap-default\">\n\t\t\t\t\t<div class=\"elementor-column elementor-col-50 elementor-inner-column elementor-element elementor-element-336a3d10\" data-id=\"336a3d10\" data-element_type=\"column\" data-e-type=\"column\">\n\t\t\t<div class=\"elementor-widget-wrap elementor-element-populated\">\n\t\t\t\t\t\t<div class=\"elementor-element elementor-element-33c69b4 elementor-widget__width-auto elementor-widget elementor-widget-hub_fancy_heading\" data-id=\"33c69b4\" data-element_type=\"widget\" data-e-type=\"widget\" data-widget_type=\"hub_fancy_heading.default\">\n\t\t\t\t<div class=\"elementor-widget-container\">\n\t\t\t\t\t\n\t\t<div id=\"ld-fancy-heading-69e90a806bd08\" class=\"ld-fancy-heading pos-rel\">\n\t\t\t<h6 class=\"ld-fh-element d-inline-block pos-rel  elementor-heading-title lqd-highlight-classic lqd-highlight-grow-left h6\"  > Casa club<\/h6>\t\t<\/div>\n\n\t\t\t\t\t\t<\/div>\n\t\t\t\t<\/div>\n\t\t\t\t<div class=\"elementor-element elementor-element-e41e397 elementor-widget elementor-widget-hub_fancy_heading\" data-id=\"e41e397\" data-element_type=\"widget\" data-e-type=\"widget\" data-widget_type=\"hub_fancy_heading.default\">\n\t\t\t\t<div class=\"elementor-widget-container\">\n\t\t\t\t\t\n\t\t<div id=\"ld-fancy-heading-69e90a806d1d9\" class=\"ld-fancy-heading pos-rel\">\n\t\t\t<h5 class=\"ld-fh-element d-inline-block pos-rel  elementor-heading-title lqd-highlight-classic lqd-highlight-grow-left h5\"  > Un lugar para relajarse, recargar pilas y repostar<\/h5>\t\t<\/div>\n\n\t\t\t\t\t\t<\/div>\n\t\t\t\t<\/div>\n\t\t\t\t\t<\/div>\n\t\t<\/div>\n\t\t\t\t<div class=\"elementor-column elementor-col-50 elementor-inner-column elementor-element elementor-element-37a1b7c0\" data-id=\"37a1b7c0\" data-element_type=\"column\" data-e-type=\"column\">\n\t\t\t<div class=\"elementor-widget-wrap elementor-element-populated\">\n\t\t\t\t\t\t<div class=\"elementor-element elementor-element-79fc58b elementor-widget elementor-widget-heading\" data-id=\"79fc58b\" data-element_type=\"widget\" data-e-type=\"widget\" data-widget_type=\"heading.default\">\n\t\t\t\t\t<h2 class=\"elementor-heading-title elementor-size-default\">Ll\u00e1manos para reservar<\/h2>\t\t\t\t<\/div>\n\t\t\t\t<div class=\"elementor-element elementor-element-fca6341 elementor-widget elementor-widget-button\" data-id=\"fca6341\" data-element_type=\"widget\" data-e-type=\"widget\" data-widget_type=\"button.default\">\n\t\t\t\t\t\t\t\t\t\t<a class=\"elementor-button elementor-button-link elementor-size-sm\" href=\"tel:+34952887108\">\n\t\t\t\t\t\t<span class=\"elementor-button-content-wrapper\">\n\t\t\t\t\t\t\t\t\t<span class=\"elementor-button-text\">+34 952 88 71 08<\/span>\n\t\t\t\t\t<\/span>\n\t\t\t\t\t<\/a>\n\t\t\t\t\t\t\t\t<\/div>\n\t\t\t\t\t<\/div>\n\t\t<\/div>\n\t\t\t\t\t<\/div>\n\t\t<\/section>\n\t\t\t\t\t<\/div>\n\t\t<\/div>\n\t\t\t\t\t<\/div>\n\t\t<\/section>\n\t\t\t\t<section class=\"elementor-section elementor-top-section elementor-element elementor-element-ffc5ee4 elementor-section-full_width elementor-section-height-default elementor-section-height-default\" data-id=\"ffc5ee4\" data-element_type=\"section\" data-e-type=\"section\">\n\t\t\t\t\t\t<div class=\"elementor-container elementor-column-gap-no\">\n\t\t\t\t\t<div class=\"elementor-column elementor-col-100 elementor-top-column elementor-element elementor-element-2332245\" data-id=\"2332245\" data-element_type=\"column\" data-e-type=\"column\">\n\t\t\t<div class=\"elementor-widget-wrap elementor-element-populated\">\n\t\t\t\t\t\t<div class=\"elementor-element elementor-element-31e783d elementor-widget elementor-widget-ld_mask_slider\" data-id=\"31e783d\" data-element_type=\"widget\" data-e-type=\"widget\" data-widget_type=\"ld_mask_slider.default\">\n\t\t\t\t<div class=\"elementor-widget-container\">\n\t\t\t\t\t\n\t\t<div class=\"lqd-mask-slider-slides pos-rel overflow-hidden\" data-lqd-switch-active=\"true\" data-switch-options=\"{&quot;waitForInview&quot;:true,&quot;prevClasses&quot;:[&quot;lqd-mask-slider-slide-active&quot;,&quot;lqd-mask-slider-slide-prev&quot;],&quot;activeClasses&quot;:[&quot;lqd-mask-slider-slide-active&quot;,&quot;lqd-mask-slider-slide-current&quot;,&quot;z-index-2&quot;],&quot;nextClasses&quot;:[&quot;lqd-mask-slider-slide-next&quot;],&quot;duration&quot;:4}\">\n\t\t\t      <div class=\"lqd-mask-slider-slide d-flex lqd-overlay\">\n              <div class=\"lqd-mask-slider-img-wrap h-100 pos-rel overflow-hidden\" style=\"width: 100%;\">\n        <div class=\"lqd-mask-slider-movin-part lqd-mask-slider-img-inner lqd-overlay overflow-hidden\">\n          <figure class=\"lqd-mask-slider-movin-part lqd-mask-slider-fig lqd-overlay overflow-hidden\">\n            <img decoding=\"async\" class=\"lqd-mask-slider-movin-part lqd-mask-slider-img w-100 h-100 objfit-cover objfit-center\" src=\"https:\/\/elparaisogolf.com\/wp-content\/uploads\/2023\/05\/El-Paraiso-Golf-Club-Estepona-Malaga-Spain-Golf-club-10.webp\" alt=\"El Paraiso Golf Club - Estepona, Malaga Spain - Golf club 10\">\n          <\/figure>\n        <\/div>\n      <\/div>\n          <\/div>\n          <div class=\"lqd-mask-slider-slide d-flex lqd-overlay\">\n              <div class=\"lqd-mask-slider-img-wrap h-100 pos-rel overflow-hidden\" style=\"width: 100%;\">\n        <div class=\"lqd-mask-slider-movin-part lqd-mask-slider-img-inner lqd-overlay overflow-hidden\">\n          <figure class=\"lqd-mask-slider-movin-part lqd-mask-slider-fig lqd-overlay overflow-hidden\">\n            <img decoding=\"async\" class=\"lqd-mask-slider-movin-part lqd-mask-slider-img w-100 h-100 objfit-cover objfit-center\" src=\"https:\/\/elparaisogolf.com\/wp-content\/uploads\/2023\/05\/El-Paraiso-Golf-Club-Estepona-Malaga-Spain-Golf-club-10.webp\" alt=\"El Paraiso Golf Club - Estepona, Malaga Spain - Golf club 10\">\n          <\/figure>\n        <\/div>\n      <\/div>\n          <\/div>\n    \t\t<\/div>\n\n\t\t\t\t\t<\/div>\n\t\t\t\t<\/div>\n\t\t\t\t\t<\/div>\n\t\t<\/div>\n\t\t\t\t\t<\/div>\n\t\t<\/section>\n\t\t\t\t<section data-custom-animations=\"true\" data-ca-options=\"{&quot;addChildTimelines&quot;:false,&quot;animationTarget&quot;:&quot;:scope &gt; .elementor-container &gt; .elementor-column&quot;,&quot;duration&quot;:1800,&quot;startDelay&quot;:600,&quot;delay&quot;:180,&quot;ease&quot;:[&quot;power4.out&quot;],&quot;initValues&quot;:{&quot;x&quot;:&quot;-55px&quot;,&quot;z&quot;:&quot;-120px&quot;,&quot;scaleX&quot;:1.05,&quot;rotationY&quot;:25,&quot;opacity&quot;:0,&quot;transformOrigin&quot;:&quot;150% 50% 0px&quot;},&quot;animations&quot;:{&quot;x&quot;:&quot;0px&quot;,&quot;z&quot;:&quot;0px&quot;,&quot;scaleX&quot;:1,&quot;rotationY&quot;:0,&quot;opacity&quot;:1,&quot;transformOrigin&quot;:&quot;50% 50% 0px&quot;}}\" class=\"elementor-section elementor-top-section elementor-element elementor-element-2dd1b1ff elementor-section-boxed elementor-section-height-default elementor-section-height-default\" data-id=\"2dd1b1ff\" data-element_type=\"section\" data-e-type=\"section\" id=\"about\">\n\t\t\t\t\t\t<div class=\"elementor-container elementor-column-gap-default\">\n\t\t\t\t\t<div data-animated-borders=\"1\" class=\"elementor-column elementor-col-100 elementor-top-column elementor-element elementor-element-7763a563\" data-id=\"7763a563\" data-element_type=\"column\" data-e-type=\"column\">\n\t\t\t<div class=\"elementor-widget-wrap elementor-element-populated\">\n\t\t\t\t\t\t<div class=\"elementor-element elementor-element-087049e elementor-widget elementor-widget-ld_tabs\" data-id=\"087049e\" data-element_type=\"widget\" data-e-type=\"widget\" data-widget_type=\"ld_tabs.default\">\n\t\t\t\t<div class=\"elementor-widget-container\">\n\t\t\t\t\t\t\t<div class=\"lqd-tabs lqd-tabs-style-7 lqd-tabs-nav-plain d-flex lqd-tabs-nav-items-not-expanded flex-column 087049e lqd-nav-underline-default\" data-tabs-options='{\"trigger\":\"click\"}'>\n\t\t\n\t\t\t<nav class=\"lqd-tabs-nav-wrap mb-6\">\n\t\t\t\t<ul class=\"reset-ul lqd-tabs-nav d-flex align-items-center flex-wrap justify-content-between pos-rel\" role=\"tablist\"><li data-controls=\"lqd-tab-8841\" role=\"presentation\" class=\"elementor-repeater-item-d2e015a active mb-3\"><a class=\"d-flex align-items-center\" href=\"#lqd-tab-8841\" aria-expanded=\"false\" aria-controls=\"lqd-tab-8841\" role=\"tab\" data-toggle=\"tab\"><span class=\"lqd-tabs-nav-txt\">Comienza tu d\u00eda de la mejor manera: desayuno en el Restaurante El Paraiso Golf.<\/span><\/a><\/li><\/ul>\t\t\t\t \n\t\t\t<\/nav>\n\t\t\n\t\t\t<div class=\"lqd-tabs-content pos-rel\"><div id=\"lqd-tab-8841\" role=\"tabpanel\" class=\"lqd-tabs-pane fade active in\"><p>Comienza tu d\u00eda en El Paraiso Golf Club con un desayuno ingl\u00e9s completo en el Restaurante El Paraiso Golf, que abre a las 8.30 am. Agarra un s\u00e1ndwich para llevar si tienes prisa, o rel\u00e1jate con una taza de caf\u00e9 y disfruta de las vistas desde nuestra terraza cubierta o \u00e1rea de terraza. Despu\u00e9s de tu partida de golf, date un capricho con el extenso men\u00fa preparado por Restaurante El Paraiso Golf y su equipo mientras te pones al d\u00eda con los eventos deportivos m\u00e1s importantes en nuestra sala de televisi\u00f3n.<\/p><p>Restaurante El Paraiso Golf no es solo un restaurante, es un lugar para hablar de golf. Comparte historias con tus compa\u00f1eros golfistas sobre tu juego y di cosas como \"si tan solo\", \"jugaste bien ayer\" o \"tuve mala suerte con mi putt\". Nuestro restaurante se asegura de que tu d\u00eda fuera del campo sea igual de agradable que tu tiempo en \u00e9l.<\/p> <\/div><\/div>\t\t\n\t\t<\/div>\n\t\t\t\t\t<\/div>\n\t\t\t\t<\/div>\n\t\t\t\t\t<\/div>\n\t\t<\/div>\n\t\t\t\t\t<\/div>\n\t\t<\/section>\n\t\t\t\t<section data-custom-animations=\"true\" data-ca-options=\"{&quot;addChildTimelines&quot;:false,&quot;animationTarget&quot;:&quot;:scope &gt; .elementor-container &gt; .elementor-column&quot;,&quot;ease&quot;:[&quot;power4.out&quot;],&quot;initValues&quot;:{&quot;y&quot;:&quot;40px&quot;,&quot;opacity&quot;:0},&quot;animations&quot;:{&quot;y&quot;:&quot;0px&quot;,&quot;opacity&quot;:1}}\" class=\"elementor-section elementor-top-section elementor-element elementor-element-55e6b2c2 elementor-section-content-middle elementor-reverse-mobile elementor-section-boxed elementor-section-height-default elementor-section-height-default\" data-id=\"55e6b2c2\" data-element_type=\"section\" data-e-type=\"section\" id=\"team\">\n\t\t\t\t\t\t<div class=\"elementor-container elementor-column-gap-default\">\n\t\t\t\t\t<div class=\"elementor-column elementor-col-50 elementor-top-column elementor-element elementor-element-3b238c26\" data-id=\"3b238c26\" data-element_type=\"column\" data-e-type=\"column\">\n\t\t\t<div class=\"elementor-widget-wrap elementor-element-populated\">\n\t\t\t\t\t\t<div data-parallax=\"true\" data-parallax-options=\"{&quot;ease&quot;:[&quot;linear&quot;],&quot;start&quot;:&quot;top bottom&quot;,&quot;end&quot;:&quot;bottom+=0px top&quot;}\" data-parallax-from=\"{&quot;y&quot;:&quot;-120px&quot;}\" data-parallax-to=\"{&quot;y&quot;:&quot;22px&quot;}\" class=\"elementor-element elementor-element-3b1c32c elementor-widget elementor-widget-ld_fancy_image\" data-id=\"3b1c32c\" data-element_type=\"widget\" data-e-type=\"widget\" data-widget_type=\"ld_fancy_image.default\">\n\t\t\t\t<div class=\"elementor-widget-container\">\n\t\t\t\t\t\n\t\t\t<div class=\"lqd-imggrp-single d-inline-flex pos-rel align-items-center justify-content-center\"   >\n\n\t\t\t\t\n\t\t\t\t<div class=\"lqd-imggrp-img-container pos-rel\" >\n\n\t\t\t\t\t<figure\n\t\t\t\t\t\tclass=\"w-100 pos-rel\"\n\t\t\t\t\t\t\t\t\t\t\t\t\t\t\t\t\t>\n\t\t\t\t\t\t<img fetchpriority=\"high\" decoding=\"async\" width=\"8064\" height=\"6048\" src=\"https:\/\/elparaisogolf.com\/wp-content\/uploads\/2023\/04\/El-Paraiso-Golf-Club-Estepona-Malaga-Spain-Golf-club-20-1.webp\" class=\"attachment-full size-full wp-image-9319\" alt=\"El Paraiso Golf Club - Estepona, Malaga Spain - Golf club 20\" srcset=\"https:\/\/elparaisogolf.com\/wp-content\/uploads\/2023\/04\/El-Paraiso-Golf-Club-Estepona-Malaga-Spain-Golf-club-20-1.webp 8064w, https:\/\/elparaisogolf.com\/wp-content\/uploads\/2023\/04\/El-Paraiso-Golf-Club-Estepona-Malaga-Spain-Golf-club-20-1-300x225.webp 300w, https:\/\/elparaisogolf.com\/wp-content\/uploads\/2023\/04\/El-Paraiso-Golf-Club-Estepona-Malaga-Spain-Golf-club-20-1-1024x768.webp 1024w, https:\/\/elparaisogolf.com\/wp-content\/uploads\/2023\/04\/El-Paraiso-Golf-Club-Estepona-Malaga-Spain-Golf-club-20-1-1536x1152.webp 1536w, https:\/\/elparaisogolf.com\/wp-content\/uploads\/2023\/04\/El-Paraiso-Golf-Club-Estepona-Malaga-Spain-Golf-club-20-1-2048x1536.webp 2048w\" sizes=\"(max-width: 8064px) 100vw, 8064px\" \/>\t\t\t\t\t\t\t\t\t\t\t\t\t\t\t\t\t\t\t\t\t\t\t\t\t\t\t\t\t\t\t\t\t\t\t\t\t\t\t\t\t\t\t\t\t\t\t<\/figure>\n\n\t\t\t\t<\/div>\n\t\t\t<\/div>\n\n\t\t\t\t\t\t<\/div>\n\t\t\t\t<\/div>\n\t\t\t\t\t<\/div>\n\t\t<\/div>\n\t\t\t\t<div class=\"elementor-column elementor-col-50 elementor-top-column elementor-element elementor-element-303dcd19\" data-id=\"303dcd19\" data-element_type=\"column\" data-e-type=\"column\">\n\t\t\t<div class=\"elementor-widget-wrap elementor-element-populated\">\n\t\t\t\t\t\t<div class=\"elementor-element elementor-element-609ddf9 elementor-widget elementor-widget-ld_tabs\" data-id=\"609ddf9\" data-element_type=\"widget\" data-e-type=\"widget\" data-widget_type=\"ld_tabs.default\">\n\t\t\t\t<div class=\"elementor-widget-container\">\n\t\t\t\t\t\t\t<div class=\"lqd-tabs lqd-tabs-style-7 lqd-tabs-nav-plain d-flex lqd-tabs-nav-items-not-expanded flex-column 609ddf9 lqd-nav-underline-default\" data-tabs-options='{\"trigger\":\"click\"}'>\n\t\t\n\t\t\t<nav class=\"lqd-tabs-nav-wrap mb-6\">\n\t\t\t\t<ul class=\"reset-ul lqd-tabs-nav d-flex align-items-center flex-wrap justify-content-between pos-rel\" role=\"tablist\"><li data-controls=\"lqd-tab-1011\" role=\"presentation\" class=\"elementor-repeater-item-d2e015a active mb-3\"><a class=\"d-flex align-items-center\" href=\"#lqd-tab-1011\" aria-expanded=\"false\" aria-controls=\"lqd-tab-1011\" role=\"tab\" data-toggle=\"tab\"><span class=\"lqd-tabs-nav-txt\">Restaurante El Paraiso Golf<\/span><\/a><\/li><\/ul>\t\t\t\t \n\t\t\t<\/nav>\n\t\t\n\t\t\t<div class=\"lqd-tabs-content pos-rel\"><div id=\"lqd-tab-1011\" role=\"tabpanel\" class=\"lqd-tabs-pane fade active in\"><p style=\"font-weight: 400;\">Nuestro equipo de restaurante se enorgullece de ofrecer la m\u00e1s alta calidad de comida y servicio. Utilizamos solo ingredientes frescos y de primera calidad y ofrecemos men\u00fas especiales para grupos que pueden adaptarse a sus necesidades. Ya sea una barbacoa, una recepci\u00f3n con aperitivos, una presentaci\u00f3n de premios con tapas o una cena de gala, garantizamos una gran experiencia para usted y sus invitados.<\/p> <\/div><\/div>\t\t\n\t\t<\/div>\n\t\t\t\t\t<\/div>\n\t\t\t\t<\/div>\n\t\t\t\t\t<\/div>\n\t\t<\/div>\n\t\t\t\t\t<\/div>\n\t\t<\/section>\n\t\t\t\t<section class=\"elementor-section elementor-top-section elementor-element elementor-element-6b5cb874 elementor-section-boxed elementor-section-height-default elementor-section-height-default\" data-id=\"6b5cb874\" data-element_type=\"section\" data-e-type=\"section\" id=\"awards\">\n\t\t\t\t\t\t<div class=\"elementor-container elementor-column-gap-default\">\n\t\t\t\t\t<div class=\"elementor-column elementor-col-100 elementor-top-column elementor-element elementor-element-5f5f55d\" data-id=\"5f5f55d\" data-element_type=\"column\" data-e-type=\"column\">\n\t\t\t<div class=\"elementor-widget-wrap elementor-element-populated\">\n\t\t\t\t\t\t<div class=\"elementor-element elementor-element-78ede55 elementor-widget elementor-widget-ld_tabs\" data-id=\"78ede55\" data-element_type=\"widget\" data-e-type=\"widget\" data-widget_type=\"ld_tabs.default\">\n\t\t\t\t<div class=\"elementor-widget-container\">\n\t\t\t\t\t\t\t<div class=\"lqd-tabs lqd-tabs-style-7 lqd-tabs-nav-plain d-flex lqd-tabs-nav-items-not-expanded flex-column 78ede55 lqd-nav-underline-default\" data-tabs-options='{\"trigger\":\"click\"}'>\n\t\t\n\t\t\t<nav class=\"lqd-tabs-nav-wrap mb-6\">\n\t\t\t\t<ul class=\"reset-ul lqd-tabs-nav d-flex align-items-center flex-wrap justify-content-between pos-rel\" role=\"tablist\"><li data-controls=\"lqd-tab-1261\" role=\"presentation\" class=\"elementor-repeater-item-d2e015a active mb-3\"><a class=\"d-flex align-items-center\" href=\"#lqd-tab-1261\" aria-expanded=\"false\" aria-controls=\"lqd-tab-1261\" role=\"tab\" data-toggle=\"tab\"><span class=\"lqd-tabs-nav-txt\">Celebra tu pr\u00f3ximo evento con nosotros: El Patio Andaluz y otros espacios para eventos.<\/span><\/a><\/li><\/ul>\t\t\t\t \n\t\t\t<\/nav>\n\t\t\n\t\t\t<div class=\"lqd-tabs-content pos-rel\"><div id=\"lqd-tab-1261\" role=\"tabpanel\" class=\"lqd-tabs-pane fade active in\"><p>Explora nuestro men\u00fa e instalaciones y descubre por qu\u00e9 Restaurante El Paraiso Golf es el lugar ideal para relajarse y disfrutar de una comida. Nuestra \u00e1rea de comedor dentro de la casa club tiene capacidad para m\u00e1s de 120 personas y ofrece una experiencia cl\u00e1sica de club de golf, con la vitrina de trofeos, los tablones de trofeos y las memorias de golf que dan la sensaci\u00f3n de una antigua casa club. La terraza cubierta puede acomodar hasta 100 invitados y es perfecta para los meses m\u00e1s c\u00e1lidos, mientras que el \u00e1rea de la terraza con capacidad para 60 invitados es ideal para disfrutar del sol. Con la terraza oeste, nuestro Patio Andaluz cubierto con velas, nuestro restaurante puede celebrar eventos para hasta 200 invitados.<\/p><p>La membres\u00eda introductoria est\u00e1 disponible sin necesidad de compra de acciones. El Paraiso Golf Club ofrece una variada gama de actividades relacionadas con el golf y otras no relacionadas con el golf. Estamos orgullosos de nuestro campo, competencias y actividades, que destacan nuestra reputaci\u00f3n como \"El campo de golf m\u00e1s amigable de la costa\".<\/p> <\/div><\/div>\t\t\n\t\t<\/div>\n\t\t\t\t\t<\/div>\n\t\t\t\t<\/div>\n\t\t\t\t\t<\/div>\n\t\t<\/div>\n\t\t\t\t\t<\/div>\n\t\t<\/section>\n\t\t\t\t<section class=\"elementor-section elementor-top-section elementor-element elementor-element-d939f38 elementor-section-full_width elementor-section-height-default elementor-section-height-default\" data-id=\"d939f38\" data-element_type=\"section\" data-e-type=\"section\">\n\t\t\t\t\t\t<div class=\"elementor-container elementor-column-gap-no\">\n\t\t\t\t\t<div class=\"elementor-column elementor-col-100 elementor-top-column elementor-element elementor-element-2779de0\" data-id=\"2779de0\" data-element_type=\"column\" data-e-type=\"column\">\n\t\t\t<div class=\"elementor-widget-wrap elementor-element-populated\">\n\t\t\t\t\t\t<div class=\"elementor-element elementor-element-8efa1a4 elementor-widget elementor-widget-ld_mask_slider\" data-id=\"8efa1a4\" data-element_type=\"widget\" data-e-type=\"widget\" data-widget_type=\"ld_mask_slider.default\">\n\t\t\t\t<div class=\"elementor-widget-container\">\n\t\t\t\t\t\n\t\t<div class=\"lqd-mask-slider-slides pos-rel overflow-hidden\" data-lqd-switch-active=\"true\" data-switch-options=\"{&quot;waitForInview&quot;:true,&quot;prevClasses&quot;:[&quot;lqd-mask-slider-slide-active&quot;,&quot;lqd-mask-slider-slide-prev&quot;],&quot;activeClasses&quot;:[&quot;lqd-mask-slider-slide-active&quot;,&quot;lqd-mask-slider-slide-current&quot;,&quot;z-index-2&quot;],&quot;nextClasses&quot;:[&quot;lqd-mask-slider-slide-next&quot;],&quot;duration&quot;:4}\">\n\t\t\t      <div class=\"lqd-mask-slider-slide d-flex lqd-overlay\">\n              <div class=\"lqd-mask-slider-img-wrap h-100 pos-rel overflow-hidden\" style=\"width: 100%;\">\n        <div class=\"lqd-mask-slider-movin-part lqd-mask-slider-img-inner lqd-overlay overflow-hidden\">\n          <figure class=\"lqd-mask-slider-movin-part lqd-mask-slider-fig lqd-overlay overflow-hidden\">\n            <img decoding=\"async\" class=\"lqd-mask-slider-movin-part lqd-mask-slider-img w-100 h-100 objfit-cover objfit-center\" src=\"https:\/\/elparaisogolf.com\/wp-content\/uploads\/2023\/05\/El-Paraiso-Golf-Club-Estepona-Malaga-Spain-Golf-club-8.webp\" alt=\"El Paraiso Golf Club - Estepona, Malaga Spain - Golf club 8\">\n          <\/figure>\n        <\/div>\n      <\/div>\n          <\/div>\n          <div class=\"lqd-mask-slider-slide d-flex lqd-overlay\">\n              <div class=\"lqd-mask-slider-img-wrap h-100 pos-rel overflow-hidden\" style=\"width: 100%;\">\n        <div class=\"lqd-mask-slider-movin-part lqd-mask-slider-img-inner lqd-overlay overflow-hidden\">\n          <figure class=\"lqd-mask-slider-movin-part lqd-mask-slider-fig lqd-overlay overflow-hidden\">\n            <img decoding=\"async\" class=\"lqd-mask-slider-movin-part lqd-mask-slider-img w-100 h-100 objfit-cover objfit-center\" src=\"https:\/\/elparaisogolf.com\/wp-content\/uploads\/2023\/05\/El-Paraiso-Golf-Club-Estepona-Malaga-Spain-Golf-club-8.webp\" alt=\"El Paraiso Golf Club - Estepona, Malaga Spain - Golf club 8\">\n          <\/figure>\n        <\/div>\n      <\/div>\n          <\/div>\n    \t\t<\/div>\n\n\t\t\t\t\t<\/div>\n\t\t\t\t<\/div>\n\t\t\t\t\t<\/div>\n\t\t<\/div>\n\t\t\t\t\t<\/div>\n\t\t<\/section>\n\t\t\t\t<section data-custom-animations=\"true\" data-ca-options=\"{&quot;addChildTimelines&quot;:false,&quot;animationTarget&quot;:&quot;:scope &gt; .elementor-container &gt; .elementor-column&quot;,&quot;ease&quot;:[&quot;power4.out&quot;],&quot;initValues&quot;:{&quot;y&quot;:&quot;60px&quot;,&quot;opacity&quot;:0},&quot;animations&quot;:{&quot;y&quot;:&quot;0px&quot;,&quot;opacity&quot;:1}}\" class=\"elementor-section elementor-top-section elementor-element elementor-element-67d2cc3 elementor-section-boxed elementor-section-height-default elementor-section-height-default\" data-id=\"67d2cc3\" data-element_type=\"section\" data-e-type=\"section\">\n\t\t\t\t\t\t<div class=\"elementor-container elementor-column-gap-default\">\n\t\t\t\t\t<div class=\"elementor-column elementor-col-100 elementor-top-column elementor-element elementor-element-8887569\" data-id=\"8887569\" data-element_type=\"column\" data-e-type=\"column\">\n\t\t\t<div class=\"elementor-widget-wrap elementor-element-populated\">\n\t\t\t\t\t\t<div class=\"elementor-element elementor-element-c66184f elementor-widget elementor-widget-hub_fancy_heading\" data-id=\"c66184f\" data-element_type=\"widget\" data-e-type=\"widget\" data-widget_type=\"hub_fancy_heading.default\">\n\t\t\t\t<div class=\"elementor-widget-container\">\n\t\t\t\t\t\n\t\t<div id=\"ld-fancy-heading-69e90a8081836\" class=\"ld-fancy-heading pos-rel\">\n\t\t\t<h5 class=\"ld-fh-element d-inline-block pos-rel  elementor-heading-title lqd-highlight-classic lqd-highlight-grow-left h5\"  > El marco perfecto: Dentro, fuera y todo lo dem\u00e1s en el Restaurante El Paraiso Golf<\/h5>\t\t<\/div>\n\n\t\t\t\t\t\t<\/div>\n\t\t\t\t<\/div>\n\t\t\t\t\t<\/div>\n\t\t<\/div>\n\t\t\t\t\t<\/div>\n\t\t<\/section>\n\t\t\t\t<\/div>\n\t\t","protected":false},"excerpt":{"rendered":"<p>Casa club Un lugar para relajarse, recargar pilas y repostar Ll\u00e1manos para reservar +34 952 88 71 08 Comienza tu d\u00eda de la mejor manera: desayuno en el Restaurante El Paraiso Golf. Comienza tu d\u00eda en El Paraiso Golf Club con un desayuno ingl\u00e9s completo en el Restaurante El Paraiso Golf, que abre a las [&hellip;]<\/p>\n","protected":false},"author":1,"featured_media":10021,"parent":0,"menu_order":0,"comment_status":"closed","ping_status":"closed","template":"elementor_header_footer","meta":{"footnotes":""},"class_list":["post-10244","page","type-page","status-publish","has-post-thumbnail","hentry"],"_links":{"self":[{"href":"https:\/\/elparaisogolf.com\/es\/wp-json\/wp\/v2\/pages\/10244","targetHints":{"allow":["GET"]}}],"collection":[{"href":"https:\/\/elparaisogolf.com\/es\/wp-json\/wp\/v2\/pages"}],"about":[{"href":"https:\/\/elparaisogolf.com\/es\/wp-json\/wp\/v2\/types\/page"}],"author":[{"embeddable":true,"href":"https:\/\/elparaisogolf.com\/es\/wp-json\/wp\/v2\/users\/1"}],"replies":[{"embeddable":true,"href":"https:\/\/elparaisogolf.com\/es\/wp-json\/wp\/v2\/comments?post=10244"}],"version-history":[{"count":15,"href":"https:\/\/elparaisogolf.com\/es\/wp-json\/wp\/v2\/pages\/10244\/revisions"}],"predecessor-version":[{"id":12483,"href":"https:\/\/elparaisogolf.com\/es\/wp-json\/wp\/v2\/pages\/10244\/revisions\/12483"}],"wp:featuredmedia":[{"embeddable":true,"href":"https:\/\/elparaisogolf.com\/es\/wp-json\/wp\/v2\/media\/10021"}],"wp:attachment":[{"href":"https:\/\/elparaisogolf.com\/es\/wp-json\/wp\/v2\/media?parent=10244"}],"curies":[{"name":"wp","href":"https:\/\/api.w.org\/{rel}","templated":true}]}}