{"id":10166,"date":"2023-03-15T19:07:36","date_gmt":"2023-03-15T19:07:36","guid":{"rendered":"https:\/\/elparaisogolf.com\/servicios\/"},"modified":"2026-04-06T17:37:44","modified_gmt":"2026-04-06T17:37:44","slug":"servicios","status":"publish","type":"page","link":"https:\/\/elparaisogolf.com\/es\/servicios\/","title":{"rendered":"Servicios"},"content":{"rendered":"\t\t<div data-elementor-type=\"wp-page\" data-elementor-id=\"10166\" class=\"elementor elementor-10166 elementor-8937\" data-elementor-post-type=\"page\">\n\t\t\t\t\t\t<section class=\"elementor-section elementor-top-section elementor-element elementor-element-7a8dfd9b elementor-section-boxed elementor-section-height-default elementor-section-height-default\" data-id=\"7a8dfd9b\" data-element_type=\"section\" data-e-type=\"section\">\n\t\t\t\t\t\t<div class=\"elementor-container elementor-column-gap-default\">\n\t\t\t\t\t<div class=\"elementor-column elementor-col-100 elementor-top-column elementor-element elementor-element-36ced1b6\" data-id=\"36ced1b6\" data-element_type=\"column\" data-e-type=\"column\">\n\t\t\t<div class=\"elementor-widget-wrap elementor-element-populated\">\n\t\t\t\t\t\t<section class=\"elementor-section elementor-inner-section elementor-element elementor-element-3eb6dcba elementor-section-boxed elementor-section-height-default elementor-section-height-default\" data-id=\"3eb6dcba\" data-element_type=\"section\" data-e-type=\"section\">\n\t\t\t\t\t\t<div class=\"elementor-container elementor-column-gap-default\">\n\t\t\t\t\t<div class=\"elementor-column elementor-col-50 elementor-inner-column elementor-element elementor-element-316d9b6a\" data-id=\"316d9b6a\" data-element_type=\"column\" data-e-type=\"column\">\n\t\t\t<div class=\"elementor-widget-wrap elementor-element-populated\">\n\t\t\t\t\t\t<div class=\"elementor-element elementor-element-5fccdd1b elementor-widget__width-auto elementor-widget elementor-widget-hub_fancy_heading\" data-id=\"5fccdd1b\" data-element_type=\"widget\" data-e-type=\"widget\" data-widget_type=\"hub_fancy_heading.default\">\n\t\t\t\t<div class=\"elementor-widget-container\">\n\t\t\t\t\t\n\t\t<div id=\"ld-fancy-heading-69fb664536039\" class=\"ld-fancy-heading pos-rel\">\n\t\t\t<h6 class=\"ld-fh-element d-inline-block pos-rel  elementor-heading-title lqd-highlight-classic lqd-highlight-grow-left h6\"  > Casa club<\/h6>\t\t<\/div>\n\n\t\t\t\t\t\t<\/div>\n\t\t\t\t<\/div>\n\t\t\t\t<div class=\"elementor-element elementor-element-e980e5c elementor-widget elementor-widget-hub_fancy_heading\" data-id=\"e980e5c\" data-element_type=\"widget\" data-e-type=\"widget\" data-widget_type=\"hub_fancy_heading.default\">\n\t\t\t\t<div class=\"elementor-widget-container\">\n\t\t\t\t\t\n\t\t<div id=\"ld-fancy-heading-69fb664537774\" class=\"ld-fancy-heading pos-rel\">\n\t\t\t<h5 class=\"ld-fh-element d-inline-block pos-rel  elementor-heading-title lqd-highlight-classic lqd-highlight-grow-left h5\"  > Experimente una comodidad y relajaci\u00f3n inigualables en el Club de Golf El Para\u00edso<\/h5>\t\t<\/div>\n\n\t\t\t\t\t\t<\/div>\n\t\t\t\t<\/div>\n\t\t\t\t\t<\/div>\n\t\t<\/div>\n\t\t\t\t<div class=\"elementor-column elementor-col-50 elementor-inner-column elementor-element elementor-element-26be24f0\" data-id=\"26be24f0\" data-element_type=\"column\" data-e-type=\"column\">\n\t\t\t<div class=\"elementor-widget-wrap elementor-element-populated\">\n\t\t\t\t\t\t<div class=\"elementor-element elementor-element-21f78805 elementor-widget elementor-widget-ld_custom_menu\" data-id=\"21f78805\" data-element_type=\"widget\" data-e-type=\"widget\" data-widget_type=\"ld_custom_menu.default\">\n\t\t\t\t<div class=\"elementor-widget-container\">\n\t\t\t\t\t\n\t\t\t<div  \n\t\t\t\tclass=\"lqd-fancy-menu lqd-custom-menu pos-rel menu-items-has-border lqd-menu-td-none\"\n\t\t\t\t\t\t\t>\n\t\t\t\n\t\t\t\t\t\t\t<ul class=\"reset-ul\" id=\"21f78805\"  data-localscroll=\"true\" data-localscroll-options=\"{&quot;itemsSelector&quot;:&quot;&gt; li &gt; a&quot;,&quot;trackWindowScroll&quot;:true,&quot;includeParentAsOffset&quot;:false,&quot;offsetElements&quot;:&quot;[data-sticky-header] .lqd-head-sec-wrap:not(.lqd-hide-onstuck), #wpadminbar, body.elementor-page .main-header[data-sticky-header] &gt; .elementor &gt; .elementor-section:not(.lqd-hide-onstuck):not(.lqd-stickybar-wrap)&quot;}\">\n\t\t\t\t\n\t\t\t\t\t\t<li>\n\t\t\t\t\t\t\t<a  href=\"#about\" > \n\n\t\t\t\t\t\t\t\t\t\t\t\t\t\t\t\t\t<span class=\"link-icon d-inline-flex hide-if-empty align-items-center right-icon icon-push-to-edge\"><i aria-hidden=\"true\" class=\"lqd-icn-ess icon-ion-ios-arrow-down\"><\/i><\/span>\t\n\t\t\t\t\t\t\t\t\n\t\t\t\t\t\t\t\t\t\t\t\t\t\t\t\t\tLa sede del club  \n\t\t\t\t\t\t\t\t\t\t\t\t\t\t\t\t\t\t\t\t\t\t\t<\/a>\n\t\t\t\t\t\t\t\t\t\t\t\t\t<\/li>\n\n\t\t\t\t\t\t\n\t\t\t\t\t\t<li>\n\t\t\t\t\t\t\t<a  href=\"#team\" > \n\n\t\t\t\t\t\t\t\t\t\t\t\t\t\t\t\t\t<span class=\"link-icon d-inline-flex hide-if-empty align-items-center right-icon icon-push-to-edge\"><i aria-hidden=\"true\" class=\"lqd-icn-ess icon-ion-ios-arrow-down\"><\/i><\/span>\t\n\t\t\t\t\t\t\t\t\n\t\t\t\t\t\t\t\t\t\t\t\t\t\t\t\t\tNuestros servicios  \n\t\t\t\t\t\t\t\t\t\t\t\t\t\t\t\t\t\t\t\t\t\t\t<\/a>\n\t\t\t\t\t\t\t\t\t\t\t\t\t<\/li>\n\n\t\t\t\t\t\t\n\t\t\t\t\t\t<li>\n\t\t\t\t\t\t\t<a  href=\"#awards\" > \n\n\t\t\t\t\t\t\t\t\t\t\t\t\t\t\t\t\t<span class=\"link-icon d-inline-flex hide-if-empty align-items-center right-icon icon-push-to-edge\"><i aria-hidden=\"true\" class=\"lqd-icn-ess icon-ion-ios-arrow-down\"><\/i><\/span>\t\n\t\t\t\t\t\t\t\t\n\t\t\t\t\t\t\t\t\t\t\t\t\t\t\t\t\tLa mejor experiencia de golf  \n\t\t\t\t\t\t\t\t\t\t\t\t\t\t\t\t\t\t\t\t\t\t\t<\/a>\n\t\t\t\t\t\t\t\t\t\t\t\t\t<\/li>\n\n\t\t\t\t\t\t\t\t\t\t<\/ul>\n\t\t\t\t\t\t<\/div>\n\t\t\t\t\t\t<\/div>\n\t\t\t\t<\/div>\n\t\t\t\t\t<\/div>\n\t\t<\/div>\n\t\t\t\t\t<\/div>\n\t\t<\/section>\n\t\t\t\t\t<\/div>\n\t\t<\/div>\n\t\t\t\t\t<\/div>\n\t\t<\/section>\n\t\t\t\t<section class=\"elementor-section elementor-top-section elementor-element elementor-element-1ea013d3 elementor-section-full_width elementor-section-height-default elementor-section-height-default\" data-id=\"1ea013d3\" data-element_type=\"section\" data-e-type=\"section\">\n\t\t\t\t\t\t<div class=\"elementor-container elementor-column-gap-no\">\n\t\t\t\t\t<div class=\"elementor-column elementor-col-100 elementor-top-column elementor-element elementor-element-1575ccce\" data-id=\"1575ccce\" data-element_type=\"column\" data-e-type=\"column\">\n\t\t\t<div class=\"elementor-widget-wrap elementor-element-populated\">\n\t\t\t\t\t\t<div class=\"elementor-element elementor-element-4c99b3eb elementor-widget elementor-widget-ld_mask_slider\" data-id=\"4c99b3eb\" data-element_type=\"widget\" data-e-type=\"widget\" data-widget_type=\"ld_mask_slider.default\">\n\t\t\t\t<div class=\"elementor-widget-container\">\n\t\t\t\t\t\n\t\t<div class=\"lqd-mask-slider-slides pos-rel overflow-hidden\" data-lqd-switch-active=\"true\" data-switch-options=\"{&quot;waitForInview&quot;:true,&quot;prevClasses&quot;:[&quot;lqd-mask-slider-slide-active&quot;,&quot;lqd-mask-slider-slide-prev&quot;],&quot;activeClasses&quot;:[&quot;lqd-mask-slider-slide-active&quot;,&quot;lqd-mask-slider-slide-current&quot;,&quot;z-index-2&quot;],&quot;nextClasses&quot;:[&quot;lqd-mask-slider-slide-next&quot;],&quot;duration&quot;:4}\">\n\t\t\t      <div class=\"lqd-mask-slider-slide d-flex lqd-overlay\">\n              <div class=\"lqd-mask-slider-img-wrap h-100 pos-rel overflow-hidden\" style=\"width: 100%;\">\n        <div class=\"lqd-mask-slider-movin-part lqd-mask-slider-img-inner lqd-overlay overflow-hidden\">\n          <figure class=\"lqd-mask-slider-movin-part lqd-mask-slider-fig lqd-overlay overflow-hidden\">\n            <img decoding=\"async\" class=\"lqd-mask-slider-movin-part lqd-mask-slider-img w-100 h-100 objfit-cover objfit-center\" src=\"https:\/\/elparaisogolf.com\/wp-content\/uploads\/2023\/05\/El-Paraiso-Golf-Club-Estepona-Malaga-Spain-Golf-club-5.webp\" alt=\"El Paraiso Golf Club - Estepona, Malaga Spain - Golf club 5\">\n          <\/figure>\n        <\/div>\n      <\/div>\n          <\/div>\n          <div class=\"lqd-mask-slider-slide d-flex lqd-overlay\">\n              <div class=\"lqd-mask-slider-img-wrap h-100 pos-rel overflow-hidden\" style=\"width: 100%;\">\n        <div class=\"lqd-mask-slider-movin-part lqd-mask-slider-img-inner lqd-overlay overflow-hidden\">\n          <figure class=\"lqd-mask-slider-movin-part lqd-mask-slider-fig lqd-overlay overflow-hidden\">\n            <img decoding=\"async\" class=\"lqd-mask-slider-movin-part lqd-mask-slider-img w-100 h-100 objfit-cover objfit-center\" src=\"https:\/\/elparaisogolf.com\/wp-content\/uploads\/2023\/05\/El-Paraiso-Golf-Club-Estepona-Malaga-Spain-Golf-club-5.webp\" alt=\"El Paraiso Golf Club - Estepona, Malaga Spain - Golf club 5\">\n          <\/figure>\n        <\/div>\n      <\/div>\n          <\/div>\n    \t\t<\/div>\n\n\t\t\t\t\t<\/div>\n\t\t\t\t<\/div>\n\t\t\t\t\t<\/div>\n\t\t<\/div>\n\t\t\t\t\t<\/div>\n\t\t<\/section>\n\t\t\t\t<section data-custom-animations=\"true\" data-ca-options=\"{&quot;addChildTimelines&quot;:false,&quot;animationTarget&quot;:&quot;:scope &gt; .elementor-container &gt; .elementor-column&quot;,&quot;duration&quot;:1800,&quot;startDelay&quot;:600,&quot;delay&quot;:180,&quot;ease&quot;:[&quot;power4.out&quot;],&quot;initValues&quot;:{&quot;x&quot;:&quot;-55px&quot;,&quot;z&quot;:&quot;-120px&quot;,&quot;scaleX&quot;:1.05,&quot;rotationY&quot;:25,&quot;opacity&quot;:0,&quot;transformOrigin&quot;:&quot;150% 50% 0px&quot;},&quot;animations&quot;:{&quot;x&quot;:&quot;0px&quot;,&quot;z&quot;:&quot;0px&quot;,&quot;scaleX&quot;:1,&quot;rotationY&quot;:0,&quot;opacity&quot;:1,&quot;transformOrigin&quot;:&quot;50% 50% 0px&quot;}}\" class=\"elementor-section elementor-top-section elementor-element elementor-element-879cb18 elementor-section-boxed elementor-section-height-default elementor-section-height-default\" data-id=\"879cb18\" data-element_type=\"section\" data-e-type=\"section\" id=\"about\">\n\t\t\t\t\t\t<div class=\"elementor-container elementor-column-gap-default\">\n\t\t\t\t\t<div data-animated-borders=\"1\" class=\"elementor-column elementor-col-100 elementor-top-column elementor-element elementor-element-e25eb2d\" data-id=\"e25eb2d\" data-element_type=\"column\" data-e-type=\"column\">\n\t\t\t<div class=\"elementor-widget-wrap elementor-element-populated\">\n\t\t\t\t\t\t<div class=\"elementor-element elementor-element-404c0d25 elementor-widget elementor-widget-ld_tabs\" data-id=\"404c0d25\" data-element_type=\"widget\" data-e-type=\"widget\" data-widget_type=\"ld_tabs.default\">\n\t\t\t\t<div class=\"elementor-widget-container\">\n\t\t\t\t\t\t\t<div class=\"lqd-tabs lqd-tabs-style-7 lqd-tabs-nav-plain d-flex lqd-tabs-nav-items-not-expanded flex-column 404c0d25 lqd-nav-underline-default\" data-tabs-options='{\"trigger\":\"click\"}'>\n\t\t\n\t\t\t<nav class=\"lqd-tabs-nav-wrap mb-6\">\n\t\t\t\t<ul class=\"reset-ul lqd-tabs-nav d-flex align-items-center flex-wrap justify-content-between pos-rel\" role=\"tablist\"><li data-controls=\"lqd-tab-1071\" role=\"presentation\" class=\"elementor-repeater-item-d2e015a active mb-3\"><a class=\"d-flex align-items-center\" href=\"#lqd-tab-1071\" aria-expanded=\"false\" aria-controls=\"lqd-tab-1071\" role=\"tab\" data-toggle=\"tab\"><span class=\"lqd-tabs-nav-txt\">Casa Club<\/span><\/a><\/li><\/ul>\t\t\t\t \n\t\t\t<\/nav>\n\t\t\n\t\t\t<div class=\"lqd-tabs-content pos-rel\"><div id=\"lqd-tab-1071\" role=\"tabpanel\" class=\"lqd-tabs-pane fade active in\"><p style=\"font-weight: 400;\">Como golfista, te mereces la mejor experiencia posible, y El Paraiso Golf Club ofrece precisamente eso. La casa club, situada en el coraz\u00f3n del campo, ofrece una amplia gama de servicios para hacer que tu visita sea m\u00e1s placentera. Originalmente creada a partir de varias \"casitas\" de campo, la casa club cuenta con un ambiente \u00edntimo y amigable combinado con los m\u00e1s altos est\u00e1ndares de comodidad y calidad.<\/p> <\/div><\/div>\t\t\n\t\t<\/div>\n\t\t\t\t\t<\/div>\n\t\t\t\t<\/div>\n\t\t\t\t\t<\/div>\n\t\t<\/div>\n\t\t\t\t\t<\/div>\n\t\t<\/section>\n\t\t\t\t<section data-custom-animations=\"true\" data-ca-options=\"{&quot;addChildTimelines&quot;:false,&quot;animationTarget&quot;:&quot;:scope &gt; .elementor-container &gt; .elementor-column&quot;,&quot;ease&quot;:[&quot;power4.out&quot;],&quot;initValues&quot;:{&quot;y&quot;:&quot;40px&quot;,&quot;opacity&quot;:0},&quot;animations&quot;:{&quot;y&quot;:&quot;0px&quot;,&quot;opacity&quot;:1}}\" class=\"elementor-section elementor-top-section elementor-element elementor-element-48ec6beb elementor-section-content-middle elementor-reverse-mobile elementor-section-boxed elementor-section-height-default elementor-section-height-default\" data-id=\"48ec6beb\" data-element_type=\"section\" data-e-type=\"section\" id=\"team\">\n\t\t\t\t\t\t<div class=\"elementor-container elementor-column-gap-default\">\n\t\t\t\t\t<div class=\"elementor-column elementor-col-50 elementor-top-column elementor-element elementor-element-28a0fe23\" data-id=\"28a0fe23\" data-element_type=\"column\" data-e-type=\"column\">\n\t\t\t<div class=\"elementor-widget-wrap elementor-element-populated\">\n\t\t\t\t\t\t<div data-parallax=\"true\" data-parallax-options=\"{&quot;ease&quot;:[&quot;linear&quot;],&quot;start&quot;:&quot;top bottom&quot;,&quot;end&quot;:&quot;bottom+=0px top&quot;}\" data-parallax-from=\"{&quot;y&quot;:&quot;-120px&quot;}\" data-parallax-to=\"{&quot;y&quot;:&quot;22px&quot;}\" class=\"elementor-element elementor-element-583efaa7 elementor-widget elementor-widget-ld_fancy_image\" data-id=\"583efaa7\" data-element_type=\"widget\" data-e-type=\"widget\" data-widget_type=\"ld_fancy_image.default\">\n\t\t\t\t<div class=\"elementor-widget-container\">\n\t\t\t\t\t\n\t\t\t<div class=\"lqd-imggrp-single d-inline-flex pos-rel align-items-center justify-content-center\"   >\n\n\t\t\t\t\n\t\t\t\t<div class=\"lqd-imggrp-img-container pos-rel\" >\n\n\t\t\t\t\t<figure\n\t\t\t\t\t\tclass=\"w-100 pos-rel\"\n\t\t\t\t\t\t\t\t\t\t\t\t\t\t\t\t\t>\n\t\t\t\t\t\t<img fetchpriority=\"high\" decoding=\"async\" width=\"1920\" height=\"1440\" src=\"https:\/\/elparaisogolf.com\/wp-content\/uploads\/2023\/05\/El-Paraiso-Golf-Club-Estepona-Malaga-Spain-Golf-club-75.webp\" class=\"attachment-full size-full wp-image-9547\" alt=\"El Paraiso Golf Club - Estepona, Malaga Spain - Golf club 75\" srcset=\"https:\/\/elparaisogolf.com\/wp-content\/uploads\/2023\/05\/El-Paraiso-Golf-Club-Estepona-Malaga-Spain-Golf-club-75.webp 1920w, https:\/\/elparaisogolf.com\/wp-content\/uploads\/2023\/05\/El-Paraiso-Golf-Club-Estepona-Malaga-Spain-Golf-club-75-300x225.webp 300w, https:\/\/elparaisogolf.com\/wp-content\/uploads\/2023\/05\/El-Paraiso-Golf-Club-Estepona-Malaga-Spain-Golf-club-75-1024x768.webp 1024w, https:\/\/elparaisogolf.com\/wp-content\/uploads\/2023\/05\/El-Paraiso-Golf-Club-Estepona-Malaga-Spain-Golf-club-75-1536x1152.webp 1536w\" sizes=\"(max-width: 1920px) 100vw, 1920px\" \/>\t\t\t\t\t\t\t\t\t\t\t\t\t\t\t\t\t\t\t\t\t\t\t\t\t\t\t\t\t\t\t\t\t\t\t\t\t\t\t\t\t\t\t\t\t\t\t<\/figure>\n\n\t\t\t\t<\/div>\n\t\t\t<\/div>\n\n\t\t\t\t\t\t<\/div>\n\t\t\t\t<\/div>\n\t\t\t\t\t<\/div>\n\t\t<\/div>\n\t\t\t\t<div class=\"elementor-column elementor-col-50 elementor-top-column elementor-element elementor-element-4bb2cfdc\" data-id=\"4bb2cfdc\" data-element_type=\"column\" data-e-type=\"column\">\n\t\t\t<div class=\"elementor-widget-wrap elementor-element-populated\">\n\t\t\t\t\t\t<div class=\"elementor-element elementor-element-655e3cb2 elementor-widget elementor-widget-ld_tabs\" data-id=\"655e3cb2\" data-element_type=\"widget\" data-e-type=\"widget\" data-widget_type=\"ld_tabs.default\">\n\t\t\t\t<div class=\"elementor-widget-container\">\n\t\t\t\t\t\t\t<div class=\"lqd-tabs lqd-tabs-style-7 lqd-tabs-nav-plain d-flex lqd-tabs-nav-items-not-expanded flex-column 655e3cb2 lqd-nav-underline-default\" data-tabs-options='{\"trigger\":\"click\"}'>\n\t\t\n\t\t\t<nav class=\"lqd-tabs-nav-wrap mb-6\">\n\t\t\t\t<ul class=\"reset-ul lqd-tabs-nav d-flex align-items-center flex-wrap justify-content-between pos-rel\" role=\"tablist\"><li data-controls=\"lqd-tab-1701\" role=\"presentation\" class=\"elementor-repeater-item-d2e015a active mb-3\"><a class=\"d-flex align-items-center\" href=\"#lqd-tab-1701\" aria-expanded=\"false\" aria-controls=\"lqd-tab-1701\" role=\"tab\" data-toggle=\"tab\"><span class=\"lqd-tabs-nav-txt\">Nuestros Servicios<\/span><\/a><\/li><\/ul>\t\t\t\t \n\t\t\t<\/nav>\n\t\t\n\t\t\t<div class=\"lqd-tabs-content pos-rel\"><div id=\"lqd-tab-1701\" role=\"tabpanel\" class=\"lqd-tabs-pane fade active in\"><p style=\"font-weight: 400;\">Con impresionantes vistas del hoyo 18, la casa club ofrece varias \u00e1reas donde puedes disfrutar de nuestra gastronom\u00eda o selecci\u00f3n de bebidas. Elije entre nuestra terraza de madera, terraza cubierta, \u00e1rea de sof\u00e1s o interior, cada una dise\u00f1ada para proporcionar un ambiente relajante para nuestros miembros y visitantes. Tambi\u00e9n ofrecemos taquillas y vestuarios con instalaciones de ducha, garantizando una experiencia c\u00f3moda y conveniente.<\/p> <\/div><\/div>\t\t\n\t\t<\/div>\n\t\t\t\t\t<\/div>\n\t\t\t\t<\/div>\n\t\t\t\t\t<\/div>\n\t\t<\/div>\n\t\t\t\t\t<\/div>\n\t\t<\/section>\n\t\t\t\t<section class=\"elementor-section elementor-top-section elementor-element elementor-element-487acbf0 elementor-section-boxed elementor-section-height-default elementor-section-height-default\" data-id=\"487acbf0\" data-element_type=\"section\" data-e-type=\"section\" id=\"awards\">\n\t\t\t\t\t\t<div class=\"elementor-container elementor-column-gap-default\">\n\t\t\t\t\t<div class=\"elementor-column elementor-col-100 elementor-top-column elementor-element elementor-element-534b0feb\" data-id=\"534b0feb\" data-element_type=\"column\" data-e-type=\"column\">\n\t\t\t<div class=\"elementor-widget-wrap elementor-element-populated\">\n\t\t\t\t\t\t<div class=\"elementor-element elementor-element-3e6316c2 elementor-widget elementor-widget-ld_tabs\" data-id=\"3e6316c2\" data-element_type=\"widget\" data-e-type=\"widget\" data-widget_type=\"ld_tabs.default\">\n\t\t\t\t<div class=\"elementor-widget-container\">\n\t\t\t\t\t\t\t<div class=\"lqd-tabs lqd-tabs-style-7 lqd-tabs-nav-plain d-flex lqd-tabs-nav-items-not-expanded flex-column 3e6316c2 lqd-nav-underline-default\" data-tabs-options='{\"trigger\":\"click\"}'>\n\t\t\n\t\t\t<nav class=\"lqd-tabs-nav-wrap mb-6\">\n\t\t\t\t<ul class=\"reset-ul lqd-tabs-nav d-flex align-items-center flex-wrap justify-content-between pos-rel\" role=\"tablist\"><li data-controls=\"lqd-tab-1041\" role=\"presentation\" class=\"elementor-repeater-item-d2e015a active mb-3\"><a class=\"d-flex align-items-center\" href=\"#lqd-tab-1041\" aria-expanded=\"false\" aria-controls=\"lqd-tab-1041\" role=\"tab\" data-toggle=\"tab\"><span class=\"lqd-tabs-nav-txt\">La mejor experiencia de golf.<\/span><\/a><\/li><\/ul>\t\t\t\t \n\t\t\t<\/nav>\n\t\t\n\t\t\t<div class=\"lqd-tabs-content pos-rel\"><div id=\"lqd-tab-1041\" role=\"tabpanel\" class=\"lqd-tabs-pane fade active in\"><p style=\"font-weight: 400;\">El Paraiso Golf Club ofrece diversas opciones para transportar tus palos mientras juegas, desde carros manuales y el\u00e9ctricos hasta buggies el\u00e9ctricos. Nuestras \u00e1reas sociales est\u00e1n dise\u00f1adas para brindar un lugar de comodidad y relajaci\u00f3n para nuestros jugadores y visitantes despu\u00e9s de su partida de golf. Puedes disfrutar de una charla, tomar una bebida, comer o ver eventos deportivos importantes en un ambiente c\u00f3modo y relajado.<\/p> <\/div><\/div>\t\t\n\t\t<\/div>\n\t\t\t\t\t<\/div>\n\t\t\t\t<\/div>\n\t\t\t\t\t<\/div>\n\t\t<\/div>\n\t\t\t\t\t<\/div>\n\t\t<\/section>\n\t\t\t\t<section data-section-luminosity=\"dark\" class=\"elementor-section elementor-top-section elementor-element elementor-element-164ec2b4 elementor-section-boxed elementor-section-height-default elementor-section-height-default\" data-id=\"164ec2b4\" data-element_type=\"section\" data-e-type=\"section\" data-settings=\"{&quot;background_background&quot;:&quot;classic&quot;}\">\n\t\t\t\t\t\t<div class=\"elementor-container elementor-column-gap-default\">\n\t\t\t\t\t<div class=\"elementor-column elementor-col-100 elementor-top-column elementor-element elementor-element-19fe9410\" data-id=\"19fe9410\" data-element_type=\"column\" data-e-type=\"column\">\n\t\t\t<div class=\"elementor-widget-wrap\">\n\t\t\t\t\t\t\t<\/div>\n\t\t<\/div>\n\t\t\t\t\t<\/div>\n\t\t<\/section>\n\t\t\t\t<section data-custom-animations=\"true\" data-ca-options=\"{&quot;addChildTimelines&quot;:false,&quot;animationTarget&quot;:&quot;:scope &gt; .elementor-container &gt; .elementor-column&quot;,&quot;ease&quot;:[&quot;power4.out&quot;],&quot;initValues&quot;:{&quot;y&quot;:&quot;60px&quot;,&quot;opacity&quot;:0},&quot;animations&quot;:{&quot;y&quot;:&quot;0px&quot;,&quot;opacity&quot;:1}}\" class=\"elementor-section elementor-top-section elementor-element elementor-element-2f658d6f elementor-section-boxed elementor-section-height-default elementor-section-height-default\" data-id=\"2f658d6f\" data-element_type=\"section\" data-e-type=\"section\">\n\t\t\t\t\t\t<div class=\"elementor-container elementor-column-gap-default\">\n\t\t\t\t\t<div class=\"elementor-column elementor-col-100 elementor-top-column elementor-element elementor-element-4b1d2855\" data-id=\"4b1d2855\" data-element_type=\"column\" data-e-type=\"column\">\n\t\t\t<div class=\"elementor-widget-wrap elementor-element-populated\">\n\t\t\t\t\t\t<div class=\"elementor-element elementor-element-2f102acd elementor-widget elementor-widget-hub_fancy_heading\" data-id=\"2f102acd\" data-element_type=\"widget\" data-e-type=\"widget\" data-widget_type=\"hub_fancy_heading.default\">\n\t\t\t\t<div class=\"elementor-widget-container\">\n\t\t\t\t\t\n\t\t<div id=\"ld-fancy-heading-69fb66454b309\" class=\"ld-fancy-heading pos-rel\">\n\t\t\t<h5 class=\"ld-fh-element d-inline-block pos-rel  elementor-heading-title lqd-highlight-classic lqd-highlight-grow-left h5\"  > Visite el Club de Golf El Para\u00edso y experimente una comodidad y relajaci\u00f3n inigualables.  <\/h5>\t\t<\/div>\n\n\t\t\t\t\t\t<\/div>\n\t\t\t\t<\/div>\n\t\t\t\t\t<\/div>\n\t\t<\/div>\n\t\t\t\t\t<\/div>\n\t\t<\/section>\n\t\t\t\t<section class=\"elementor-section elementor-top-section elementor-element elementor-element-hola2addd79 elementor-section-boxed elementor-section-height-default elementor-section-height-default\" data-id=\"hola2addd79\" data-element_type=\"section\" data-e-type=\"section\" id=\"hola-seo-section\">\n\t\t\t\t\t\t<div class=\"elementor-container elementor-column-gap-default\">\n\t\t\t\t\t<div class=\"elementor-column elementor-col-100 elementor-top-column elementor-element elementor-element-holab983e4e\" data-id=\"holab983e4e\" data-element_type=\"column\" data-e-type=\"column\">\n\t\t\t<div class=\"elementor-widget-wrap elementor-element-populated\">\n\t\t\t\t\t\t<div class=\"elementor-element elementor-element-holaed0345e elementor-widget elementor-widget-text-editor\" data-id=\"holaed0345e\" data-element_type=\"widget\" data-e-type=\"widget\" data-widget_type=\"text-editor.default\">\n\t\t\t\t\t\t\t\t\t<h2>Servicios Golf Estepona \u2014 Pro Shop, Buggies e Instalaciones en El Para\u00edso<\/h2>\n<p>El Para\u00edso Golf Club ofrece una gama completa de <strong>servicios de golf en Estepona<\/strong> para garantizar que cada vuelta sea perfecta. Desde alquiler de equipamiento hasta venta especializada, nuestros <strong>servicios golf Estepona<\/strong> est\u00e1n dise\u00f1ados para golfistas de todos los niveles.<\/p>\n<p>Nuestro <strong>pro shop en El Para\u00edso Golf Estepona<\/strong> cuenta con las principales marcas: Titleist, TaylorMade, Callaway y FootJoy. El equipo ofrece asesoramiento experto sobre material, fitting de palos y todo lo relacionado con los <strong>servicios golf en Estepona<\/strong>.<\/p>\n<h3>Servicios Golf Estepona \u2014 Lista Completa de Instalaciones<\/h3>\n<ul>\n<li><strong>Pro shop golf Estepona<\/strong> \u2014 equipamiento, ropa y accesorios premium<\/li>\n<li><strong>Alquiler de buggies<\/strong> y carritos el\u00e9ctricos \u2014 <strong>servicios golf Costa del Sol<\/strong><\/li>\n<li>Alquiler de palos para jugadores visitantes en el <strong>club golf Estepona<\/strong><\/li>\n<li>Fitting profesional de palos en el <strong>pro shop El Para\u00edso Estepona<\/strong><\/li>\n<li>Vestuarios, taquillas, duchas e instalaciones completas del club<\/li>\n<\/ul>\n<h3>Reserva tus Servicios Golf en El Para\u00edso Estepona<\/h3>\n<p>Todos los <strong>servicios golf El Para\u00edso Estepona<\/strong> se pueden reservar con antelaci\u00f3n contactando directamente con el pro shop. Recomendamos reservar buggies y alquiler de palos con tiempo en temporada alta.<\/p>\n<p>Planifica tu visita a <strong>El Para\u00edso Golf Club Estepona<\/strong> \u2014 todos los <strong>servicios golf<\/strong> que necesitas para una vuelta perfecta en la Costa del Sol.<\/p>\t\t\t\t\t\t\t\t<\/div>\n\t\t\t\t\t<\/div>\n\t\t<\/div>\n\t\t\t\t\t<\/div>\n\t\t<\/section>\n\t\t\t\t<\/div>\n\t\t","protected":false},"excerpt":{"rendered":"<p>Casa club Experimente una comodidad y relajaci\u00f3n inigualables en el Club de Golf El Para\u00edso La sede del club Nuestros servicios La mejor experiencia de golf Casa Club Como golfista, te mereces la mejor experiencia posible, y El Paraiso Golf Club ofrece precisamente eso. La casa club, situada en el coraz\u00f3n del campo, ofrece una [&hellip;]<\/p>\n","protected":false},"author":1,"featured_media":10021,"parent":0,"menu_order":0,"comment_status":"closed","ping_status":"closed","template":"","meta":{"footnotes":""},"class_list":["post-10166","page","type-page","status-publish","has-post-thumbnail","hentry"],"_links":{"self":[{"href":"https:\/\/elparaisogolf.com\/es\/wp-json\/wp\/v2\/pages\/10166","targetHints":{"allow":["GET"]}}],"collection":[{"href":"https:\/\/elparaisogolf.com\/es\/wp-json\/wp\/v2\/pages"}],"about":[{"href":"https:\/\/elparaisogolf.com\/es\/wp-json\/wp\/v2\/types\/page"}],"author":[{"embeddable":true,"href":"https:\/\/elparaisogolf.com\/es\/wp-json\/wp\/v2\/users\/1"}],"replies":[{"embeddable":true,"href":"https:\/\/elparaisogolf.com\/es\/wp-json\/wp\/v2\/comments?post=10166"}],"version-history":[{"count":11,"href":"https:\/\/elparaisogolf.com\/es\/wp-json\/wp\/v2\/pages\/10166\/revisions"}],"predecessor-version":[{"id":11765,"href":"https:\/\/elparaisogolf.com\/es\/wp-json\/wp\/v2\/pages\/10166\/revisions\/11765"}],"wp:featuredmedia":[{"embeddable":true,"href":"https:\/\/elparaisogolf.com\/es\/wp-json\/wp\/v2\/media\/10021"}],"wp:attachment":[{"href":"https:\/\/elparaisogolf.com\/es\/wp-json\/wp\/v2\/media?parent=10166"}],"curies":[{"name":"wp","href":"https:\/\/api.w.org\/{rel}","templated":true}]}}