{"id":10147,"date":"2022-04-01T15:43:46","date_gmt":"2022-04-01T15:43:46","guid":{"rendered":"https:\/\/elparaisogolf.com\/campo-de-golf\/"},"modified":"2026-03-21T18:09:41","modified_gmt":"2026-03-21T18:09:41","slug":"la-casa-club-el-paraiso-golf-club","status":"publish","type":"page","link":"https:\/\/elparaisogolf.com\/es\/la-casa-club-el-paraiso-golf-club\/","title":{"rendered":"La Casa Club"},"content":{"rendered":"\t\t<div data-elementor-type=\"wp-page\" data-elementor-id=\"10147\" class=\"elementor elementor-10147 elementor-7986\" data-elementor-post-type=\"page\">\n\t\t\t\t\t\t<section class=\"elementor-section elementor-top-section elementor-element elementor-element-668bd34 elementor-section-boxed elementor-section-height-default elementor-section-height-default\" data-id=\"668bd34\" data-element_type=\"section\" data-e-type=\"section\">\n\t\t\t\t\t\t<div class=\"elementor-container elementor-column-gap-default\">\n\t\t\t\t\t<div class=\"elementor-column elementor-col-100 elementor-top-column elementor-element elementor-element-e75b878\" data-id=\"e75b878\" data-element_type=\"column\" data-e-type=\"column\">\n\t\t\t<div class=\"elementor-widget-wrap elementor-element-populated\">\n\t\t\t\t\t\t<section class=\"elementor-section elementor-inner-section elementor-element elementor-element-6e23e568 elementor-section-boxed elementor-section-height-default elementor-section-height-default\" data-id=\"6e23e568\" data-element_type=\"section\" data-e-type=\"section\">\n\t\t\t\t\t\t<div class=\"elementor-container elementor-column-gap-default\">\n\t\t\t\t\t<div class=\"elementor-column elementor-col-50 elementor-inner-column elementor-element elementor-element-336a3d10\" data-id=\"336a3d10\" data-element_type=\"column\" data-e-type=\"column\">\n\t\t\t<div class=\"elementor-widget-wrap elementor-element-populated\">\n\t\t\t\t\t\t<div class=\"elementor-element elementor-element-33c69b4 elementor-widget__width-auto elementor-widget elementor-widget-hub_fancy_heading\" data-id=\"33c69b4\" data-element_type=\"widget\" data-e-type=\"widget\" data-widget_type=\"hub_fancy_heading.default\">\n\t\t\t\t<div class=\"elementor-widget-container\">\n\t\t\t\t\t\n\t\t<div id=\"ld-fancy-heading-69e8f76b6a6fb\" class=\"ld-fancy-heading pos-rel\">\n\t\t\t<h6 class=\"ld-fh-element d-inline-block pos-rel  elementor-heading-title lqd-highlight-classic lqd-highlight-grow-left h6\"  > Casa club<\/h6>\t\t<\/div>\n\n\t\t\t\t\t\t<\/div>\n\t\t\t\t<\/div>\n\t\t\t\t<div class=\"elementor-element elementor-element-e41e397 elementor-widget elementor-widget-hub_fancy_heading\" data-id=\"e41e397\" data-element_type=\"widget\" data-e-type=\"widget\" data-widget_type=\"hub_fancy_heading.default\">\n\t\t\t\t<div class=\"elementor-widget-container\">\n\t\t\t\t\t\n\t\t<div id=\"ld-fancy-heading-69e8f76b6bb0e\" class=\"ld-fancy-heading pos-rel\">\n\t\t\t<h5 class=\"ld-fh-element d-inline-block pos-rel  elementor-heading-title lqd-highlight-classic lqd-highlight-grow-left h5\"  > Bienvenido a nuestra Casa Club: Donde le esperan momentos memorables<\/h5>\t\t<\/div>\n\n\t\t\t\t\t\t<\/div>\n\t\t\t\t<\/div>\n\t\t\t\t\t<\/div>\n\t\t<\/div>\n\t\t\t\t<div class=\"elementor-column elementor-col-50 elementor-inner-column elementor-element elementor-element-37a1b7c0\" data-id=\"37a1b7c0\" data-element_type=\"column\" data-e-type=\"column\">\n\t\t\t<div class=\"elementor-widget-wrap elementor-element-populated\">\n\t\t\t\t\t\t<div class=\"elementor-element elementor-element-67cd9aa0 elementor-widget elementor-widget-ld_custom_menu\" data-id=\"67cd9aa0\" data-element_type=\"widget\" data-e-type=\"widget\" data-widget_type=\"ld_custom_menu.default\">\n\t\t\t\t<div class=\"elementor-widget-container\">\n\t\t\t\t\t\n\t\t\t<div  \n\t\t\t\tclass=\"lqd-fancy-menu lqd-custom-menu pos-rel menu-items-has-border lqd-menu-td-none\"\n\t\t\t\t\t\t\t>\n\t\t\t\n\t\t\t\t\t\t\t<ul class=\"reset-ul\" id=\"67cd9aa0\"  data-localscroll=\"true\" data-localscroll-options=\"{&quot;itemsSelector&quot;:&quot;&gt; li &gt; a&quot;,&quot;trackWindowScroll&quot;:true,&quot;includeParentAsOffset&quot;:false,&quot;offsetElements&quot;:&quot;[data-sticky-header] .lqd-head-sec-wrap:not(.lqd-hide-onstuck), #wpadminbar, body.elementor-page .main-header[data-sticky-header] &gt; .elementor &gt; .elementor-section:not(.lqd-hide-onstuck):not(.lqd-stickybar-wrap)&quot;}\">\n\t\t\t\t\n\t\t\t\t\t\t<li>\n\t\t\t\t\t\t\t<a  href=\"#about\" > \n\n\t\t\t\t\t\t\t\t\t\t\t\t\t\t\t\t\t<span class=\"link-icon d-inline-flex hide-if-empty align-items-center right-icon icon-push-to-edge\"><i aria-hidden=\"true\" class=\"lqd-icn-ess icon-ion-ios-arrow-down\"><\/i><\/span>\t\n\t\t\t\t\t\t\t\t\n\t\t\t\t\t\t\t\t\t\t\t\t\t\t\t\t\tNuestra experiencia en el club  \n\t\t\t\t\t\t\t\t\t\t\t\t\t\t\t\t\t\t\t\t\t\t\t<\/a>\n\t\t\t\t\t\t\t\t\t\t\t\t\t<\/li>\n\n\t\t\t\t\t\t\n\t\t\t\t\t\t<li>\n\t\t\t\t\t\t\t<a  href=\"#team\" > \n\n\t\t\t\t\t\t\t\t\t\t\t\t\t\t\t\t\t<span class=\"link-icon d-inline-flex hide-if-empty align-items-center right-icon icon-push-to-edge\"><i aria-hidden=\"true\" class=\"lqd-icn-ess icon-ion-ios-arrow-down\"><\/i><\/span>\t\n\t\t\t\t\t\t\t\t\n\t\t\t\t\t\t\t\t\t\t\t\t\t\t\t\t\tBienvenido al Club de Golf El Para\u00edso  \n\t\t\t\t\t\t\t\t\t\t\t\t\t\t\t\t\t\t\t\t\t\t\t<\/a>\n\t\t\t\t\t\t\t\t\t\t\t\t\t<\/li>\n\n\t\t\t\t\t\t\t\t\t\t<\/ul>\n\t\t\t\t\t\t<\/div>\n\t\t\t\t\t\t<\/div>\n\t\t\t\t<\/div>\n\t\t\t\t\t<\/div>\n\t\t<\/div>\n\t\t\t\t\t<\/div>\n\t\t<\/section>\n\t\t\t\t\t<\/div>\n\t\t<\/div>\n\t\t\t\t\t<\/div>\n\t\t<\/section>\n\t\t\t\t<section class=\"elementor-section elementor-top-section elementor-element elementor-element-ffc5ee4 elementor-section-full_width elementor-section-height-default elementor-section-height-default\" data-id=\"ffc5ee4\" data-element_type=\"section\" data-e-type=\"section\">\n\t\t\t\t\t\t<div class=\"elementor-container elementor-column-gap-no\">\n\t\t\t\t\t<div class=\"elementor-column elementor-col-100 elementor-top-column elementor-element elementor-element-2332245\" data-id=\"2332245\" data-element_type=\"column\" data-e-type=\"column\">\n\t\t\t<div class=\"elementor-widget-wrap elementor-element-populated\">\n\t\t\t\t\t\t<div class=\"elementor-element elementor-element-31e783d elementor-widget elementor-widget-ld_mask_slider\" data-id=\"31e783d\" data-element_type=\"widget\" data-e-type=\"widget\" data-widget_type=\"ld_mask_slider.default\">\n\t\t\t\t<div class=\"elementor-widget-container\">\n\t\t\t\t\t\n\t\t<div class=\"lqd-mask-slider-slides pos-rel overflow-hidden\" data-lqd-switch-active=\"true\" data-switch-options=\"{&quot;waitForInview&quot;:true,&quot;prevClasses&quot;:[&quot;lqd-mask-slider-slide-active&quot;,&quot;lqd-mask-slider-slide-prev&quot;],&quot;activeClasses&quot;:[&quot;lqd-mask-slider-slide-active&quot;,&quot;lqd-mask-slider-slide-current&quot;,&quot;z-index-2&quot;],&quot;nextClasses&quot;:[&quot;lqd-mask-slider-slide-next&quot;],&quot;duration&quot;:4}\">\n\t\t\t      <div class=\"lqd-mask-slider-slide d-flex lqd-overlay\">\n              <div class=\"lqd-mask-slider-img-wrap h-100 pos-rel overflow-hidden\" style=\"width: 100%;\">\n        <div class=\"lqd-mask-slider-movin-part lqd-mask-slider-img-inner lqd-overlay overflow-hidden\">\n          <figure class=\"lqd-mask-slider-movin-part lqd-mask-slider-fig lqd-overlay overflow-hidden\">\n            <img decoding=\"async\" class=\"lqd-mask-slider-movin-part lqd-mask-slider-img w-100 h-100 objfit-cover objfit-center\" src=\"https:\/\/elparaisogolf.com\/wp-content\/uploads\/2023\/05\/El-Paraiso-Golf-Club-Estepona-Malaga-Spain-Golf-club-2.webp\" alt=\"El Paraiso Golf Club - Estepona, Malaga Spain - Golf club 2\">\n          <\/figure>\n        <\/div>\n      <\/div>\n          <\/div>\n          <div class=\"lqd-mask-slider-slide d-flex lqd-overlay\">\n              <div class=\"lqd-mask-slider-img-wrap h-100 pos-rel overflow-hidden\" style=\"width: 100%;\">\n        <div class=\"lqd-mask-slider-movin-part lqd-mask-slider-img-inner lqd-overlay overflow-hidden\">\n          <figure class=\"lqd-mask-slider-movin-part lqd-mask-slider-fig lqd-overlay overflow-hidden\">\n            <img decoding=\"async\" class=\"lqd-mask-slider-movin-part lqd-mask-slider-img w-100 h-100 objfit-cover objfit-center\" src=\"https:\/\/elparaisogolf.com\/wp-content\/uploads\/2023\/05\/El-Paraiso-Golf-Club-Estepona-Malaga-Spain-Golf-club-2.webp\" alt=\"El Paraiso Golf Club - Estepona, Malaga Spain - Golf club 2\">\n          <\/figure>\n        <\/div>\n      <\/div>\n          <\/div>\n    \t\t<\/div>\n\n\t\t\t\t\t<\/div>\n\t\t\t\t<\/div>\n\t\t\t\t\t<\/div>\n\t\t<\/div>\n\t\t\t\t\t<\/div>\n\t\t<\/section>\n\t\t\t\t<section data-custom-animations=\"true\" data-ca-options=\"{&quot;addChildTimelines&quot;:false,&quot;animationTarget&quot;:&quot;:scope &gt; .elementor-container &gt; .elementor-column&quot;,&quot;duration&quot;:1800,&quot;startDelay&quot;:600,&quot;delay&quot;:180,&quot;ease&quot;:[&quot;power4.out&quot;],&quot;initValues&quot;:{&quot;x&quot;:&quot;-55px&quot;,&quot;z&quot;:&quot;-120px&quot;,&quot;scaleX&quot;:1.05,&quot;rotationY&quot;:25,&quot;opacity&quot;:0,&quot;transformOrigin&quot;:&quot;150% 50% 0px&quot;},&quot;animations&quot;:{&quot;x&quot;:&quot;0px&quot;,&quot;z&quot;:&quot;0px&quot;,&quot;scaleX&quot;:1,&quot;rotationY&quot;:0,&quot;opacity&quot;:1,&quot;transformOrigin&quot;:&quot;50% 50% 0px&quot;}}\" class=\"elementor-section elementor-top-section elementor-element elementor-element-2dd1b1ff elementor-section-boxed elementor-section-height-default elementor-section-height-default\" data-id=\"2dd1b1ff\" data-element_type=\"section\" data-e-type=\"section\" id=\"about\">\n\t\t\t\t\t\t<div class=\"elementor-container elementor-column-gap-default\">\n\t\t\t\t\t<div data-animated-borders=\"1\" class=\"elementor-column elementor-col-100 elementor-top-column elementor-element elementor-element-7763a563\" data-id=\"7763a563\" data-element_type=\"column\" data-e-type=\"column\">\n\t\t\t<div class=\"elementor-widget-wrap elementor-element-populated\">\n\t\t\t\t\t\t<div class=\"elementor-element elementor-element-087049e elementor-widget elementor-widget-ld_tabs\" data-id=\"087049e\" data-element_type=\"widget\" data-e-type=\"widget\" data-widget_type=\"ld_tabs.default\">\n\t\t\t\t<div class=\"elementor-widget-container\">\n\t\t\t\t\t\t\t<div class=\"lqd-tabs lqd-tabs-style-7 lqd-tabs-nav-plain d-flex lqd-tabs-nav-items-not-expanded flex-column 087049e lqd-nav-underline-default\" data-tabs-options='{\"trigger\":\"click\"}'>\n\t\t\n\t\t\t<nav class=\"lqd-tabs-nav-wrap mb-6\">\n\t\t\t\t<ul class=\"reset-ul lqd-tabs-nav d-flex align-items-center flex-wrap justify-content-between pos-rel\" role=\"tablist\"><li data-controls=\"lqd-tab-8841\" role=\"presentation\" class=\"elementor-repeater-item-d2e015a active mb-3\"><a class=\"d-flex align-items-center\" href=\"#lqd-tab-8841\" aria-expanded=\"false\" aria-controls=\"lqd-tab-8841\" role=\"tab\" data-toggle=\"tab\"><span class=\"lqd-tabs-nav-txt\">Nuestra experiencia en el club.<\/span><\/a><\/li><\/ul>\t\t\t\t \n\t\t\t<\/nav>\n\t\t\n\t\t\t<div class=\"lqd-tabs-content pos-rel\"><div id=\"lqd-tab-8841\" role=\"tabpanel\" class=\"lqd-tabs-pane fade active in\"><p style=\"font-weight: 400;\">El Paraiso Golf Club se enorgullece de ofrecer a sus invitados una experiencia \u00fanica en su clubhouse. Nuestra tienda profesional completamente renovada, restaurante y vestuario con instalaciones de cambio completamente nuevas brindan todo lo que un golfista podr\u00eda necesitar para una visita c\u00f3moda y agradable. Desde lo \u00faltimo en moda de golf hasta una relajada \u00e1rea de terraza, lo tenemos todo cubierto.<\/p> <\/div><\/div>\t\t\n\t\t<\/div>\n\t\t\t\t\t<\/div>\n\t\t\t\t<\/div>\n\t\t\t\t\t<\/div>\n\t\t<\/div>\n\t\t\t\t\t<\/div>\n\t\t<\/section>\n\t\t\t\t<section data-custom-animations=\"true\" data-ca-options=\"{&quot;addChildTimelines&quot;:false,&quot;animationTarget&quot;:&quot;:scope &gt; .elementor-container &gt; .elementor-column&quot;,&quot;ease&quot;:[&quot;power4.out&quot;],&quot;initValues&quot;:{&quot;y&quot;:&quot;40px&quot;,&quot;opacity&quot;:0},&quot;animations&quot;:{&quot;y&quot;:&quot;0px&quot;,&quot;opacity&quot;:1}}\" class=\"elementor-section elementor-top-section elementor-element elementor-element-55e6b2c2 elementor-section-content-middle elementor-reverse-mobile elementor-section-boxed elementor-section-height-default elementor-section-height-default\" data-id=\"55e6b2c2\" data-element_type=\"section\" data-e-type=\"section\" id=\"team\">\n\t\t\t\t\t\t<div class=\"elementor-container elementor-column-gap-default\">\n\t\t\t\t\t<div class=\"elementor-column elementor-col-50 elementor-top-column elementor-element elementor-element-3b238c26\" data-id=\"3b238c26\" data-element_type=\"column\" data-e-type=\"column\">\n\t\t\t<div class=\"elementor-widget-wrap elementor-element-populated\">\n\t\t\t\t\t\t<div data-parallax=\"true\" data-parallax-options=\"{&quot;ease&quot;:[&quot;linear&quot;],&quot;start&quot;:&quot;top bottom&quot;,&quot;end&quot;:&quot;bottom+=0px top&quot;}\" data-parallax-from=\"{&quot;y&quot;:&quot;-120px&quot;}\" data-parallax-to=\"{&quot;y&quot;:&quot;22px&quot;}\" class=\"elementor-element elementor-element-3b1c32c elementor-widget elementor-widget-ld_fancy_image\" data-id=\"3b1c32c\" data-element_type=\"widget\" data-e-type=\"widget\" data-widget_type=\"ld_fancy_image.default\">\n\t\t\t\t<div class=\"elementor-widget-container\">\n\t\t\t\t\t\n\t\t\t<div class=\"lqd-imggrp-single d-inline-flex pos-rel align-items-center justify-content-center\"   >\n\n\t\t\t\t\n\t\t\t\t<div class=\"lqd-imggrp-img-container pos-rel\" >\n\n\t\t\t\t\t<figure\n\t\t\t\t\t\tclass=\"w-100 pos-rel\"\n\t\t\t\t\t\t\t\t\t\t\t\t\t\t\t\t\t>\n\t\t\t\t\t\t<img fetchpriority=\"high\" decoding=\"async\" width=\"1920\" height=\"1398\" src=\"https:\/\/elparaisogolf.com\/wp-content\/uploads\/2023\/06\/El-Paraiso-Golf-Club-Estepona-Malaga-Spain-Golf-club-7.webp\" class=\"attachment-full size-full wp-image-9734\" alt=\"El Paraiso Golf Club - Estepona, Malaga Spain - Golf club 7\" srcset=\"https:\/\/elparaisogolf.com\/wp-content\/uploads\/2023\/06\/El-Paraiso-Golf-Club-Estepona-Malaga-Spain-Golf-club-7.webp 1920w, https:\/\/elparaisogolf.com\/wp-content\/uploads\/2023\/06\/El-Paraiso-Golf-Club-Estepona-Malaga-Spain-Golf-club-7-300x218.webp 300w, https:\/\/elparaisogolf.com\/wp-content\/uploads\/2023\/06\/El-Paraiso-Golf-Club-Estepona-Malaga-Spain-Golf-club-7-1024x746.webp 1024w, https:\/\/elparaisogolf.com\/wp-content\/uploads\/2023\/06\/El-Paraiso-Golf-Club-Estepona-Malaga-Spain-Golf-club-7-1536x1118.webp 1536w\" sizes=\"(max-width: 1920px) 100vw, 1920px\" \/>\t\t\t\t\t\t\t\t\t\t\t\t\t\t\t\t\t\t\t\t\t\t\t\t\t\t\t\t\t\t\t\t\t\t\t\t\t\t\t\t\t\t\t\t\t\t\t<\/figure>\n\n\t\t\t\t<\/div>\n\t\t\t<\/div>\n\n\t\t\t\t\t\t<\/div>\n\t\t\t\t<\/div>\n\t\t\t\t\t<\/div>\n\t\t<\/div>\n\t\t\t\t<div class=\"elementor-column elementor-col-50 elementor-top-column elementor-element elementor-element-303dcd19\" data-id=\"303dcd19\" data-element_type=\"column\" data-e-type=\"column\">\n\t\t\t<div class=\"elementor-widget-wrap elementor-element-populated\">\n\t\t\t\t\t\t<div class=\"elementor-element elementor-element-609ddf9 elementor-widget elementor-widget-ld_tabs\" data-id=\"609ddf9\" data-element_type=\"widget\" data-e-type=\"widget\" data-widget_type=\"ld_tabs.default\">\n\t\t\t\t<div class=\"elementor-widget-container\">\n\t\t\t\t\t\t\t<div class=\"lqd-tabs lqd-tabs-style-7 lqd-tabs-nav-plain d-flex lqd-tabs-nav-items-not-expanded flex-column 609ddf9 lqd-nav-underline-default\" data-tabs-options='{\"trigger\":\"click\"}'>\n\t\t\n\t\t\t<nav class=\"lqd-tabs-nav-wrap mb-6\">\n\t\t\t\t<ul class=\"reset-ul lqd-tabs-nav d-flex align-items-center flex-wrap justify-content-between pos-rel\" role=\"tablist\"><li data-controls=\"lqd-tab-1011\" role=\"presentation\" class=\"elementor-repeater-item-d2e015a active mb-3\"><a class=\"d-flex align-items-center\" href=\"#lqd-tab-1011\" aria-expanded=\"false\" aria-controls=\"lqd-tab-1011\" role=\"tab\" data-toggle=\"tab\"><span class=\"lqd-tabs-nav-txt\">Servicios para su comodidad y placeres culinarios<\/span><\/a><\/li><\/ul>\t\t\t\t \n\t\t\t<\/nav>\n\t\t\n\t\t\t<div class=\"lqd-tabs-content pos-rel\"><div id=\"lqd-tab-1011\" role=\"tabpanel\" class=\"lqd-tabs-pane fade active in\"><p style=\"font-weight: 400;\">Cuando visite nuestro club, tendr\u00e1 la oportunidad de deleitarse con nuestra deliciosa cocina y refrescos en una de nuestras muchas \u00e1reas de asientos, incluyendo una terraza de madera, terraza cubierta, un acogedor \u00e1rea de sof\u00e1s en el patio andaluz, o dentro de la Casa Club. Tambi\u00e9n ofrecemos taquillas y vestuarios con duchas para su comodidad. Ya sea que prefiera carritos manuales, carritos el\u00e9ctricos o los \u00faltimos buggies el\u00e9ctricos, tenemos diversas opciones disponibles para satisfacer sus necesidades.<\/p> <\/div><\/div>\t\t\n\t\t<\/div>\n\t\t\t\t\t<\/div>\n\t\t\t\t<\/div>\n\t\t\t\t\t<\/div>\n\t\t<\/div>\n\t\t\t\t\t<\/div>\n\t\t<\/section>\n\t\t\t\t<section class=\"elementor-section elementor-top-section elementor-element elementor-element-d939f38 elementor-section-full_width elementor-section-height-default elementor-section-height-default\" data-id=\"d939f38\" data-element_type=\"section\" data-e-type=\"section\">\n\t\t\t\t\t\t<div class=\"elementor-container elementor-column-gap-no\">\n\t\t\t\t\t<div class=\"elementor-column elementor-col-100 elementor-top-column elementor-element elementor-element-2779de0\" data-id=\"2779de0\" data-element_type=\"column\" data-e-type=\"column\">\n\t\t\t<div class=\"elementor-widget-wrap elementor-element-populated\">\n\t\t\t\t\t\t<div class=\"elementor-element elementor-element-8efa1a4 elementor-widget elementor-widget-ld_mask_slider\" data-id=\"8efa1a4\" data-element_type=\"widget\" data-e-type=\"widget\" data-widget_type=\"ld_mask_slider.default\">\n\t\t\t\t<div class=\"elementor-widget-container\">\n\t\t\t\t\t\n\t\t<div class=\"lqd-mask-slider-slides pos-rel overflow-hidden\" data-lqd-switch-active=\"true\" data-switch-options=\"{&quot;waitForInview&quot;:true,&quot;prevClasses&quot;:[&quot;lqd-mask-slider-slide-active&quot;,&quot;lqd-mask-slider-slide-prev&quot;],&quot;activeClasses&quot;:[&quot;lqd-mask-slider-slide-active&quot;,&quot;lqd-mask-slider-slide-current&quot;,&quot;z-index-2&quot;],&quot;nextClasses&quot;:[&quot;lqd-mask-slider-slide-next&quot;],&quot;duration&quot;:4}\">\n\t\t\t      <div class=\"lqd-mask-slider-slide d-flex lqd-overlay\">\n              <div class=\"lqd-mask-slider-img-wrap h-100 pos-rel overflow-hidden\" style=\"width: 100%;\">\n        <div class=\"lqd-mask-slider-movin-part lqd-mask-slider-img-inner lqd-overlay overflow-hidden\">\n          <figure class=\"lqd-mask-slider-movin-part lqd-mask-slider-fig lqd-overlay overflow-hidden\">\n            <img decoding=\"async\" class=\"lqd-mask-slider-movin-part lqd-mask-slider-img w-100 h-100 objfit-cover objfit-center\" src=\"https:\/\/elparaisogolf.com\/wp-content\/uploads\/2023\/06\/El-Paraiso-Golf-Club-Estepona-Malaga-Spain-Golf-club-9.webp\" alt=\"El Paraiso Golf Club - Estepona, Malaga Spain - Golf club 9\">\n          <\/figure>\n        <\/div>\n      <\/div>\n          <\/div>\n          <div class=\"lqd-mask-slider-slide d-flex lqd-overlay\">\n              <div class=\"lqd-mask-slider-img-wrap h-100 pos-rel overflow-hidden\" style=\"width: 100%;\">\n        <div class=\"lqd-mask-slider-movin-part lqd-mask-slider-img-inner lqd-overlay overflow-hidden\">\n          <figure class=\"lqd-mask-slider-movin-part lqd-mask-slider-fig lqd-overlay overflow-hidden\">\n            <img decoding=\"async\" class=\"lqd-mask-slider-movin-part lqd-mask-slider-img w-100 h-100 objfit-cover objfit-center\" src=\"https:\/\/elparaisogolf.com\/wp-content\/uploads\/2023\/06\/El-Paraiso-Golf-Club-Estepona-Malaga-Spain-Golf-club-9.webp\" alt=\"El Paraiso Golf Club - Estepona, Malaga Spain - Golf club 9\">\n          <\/figure>\n        <\/div>\n      <\/div>\n          <\/div>\n    \t\t<\/div>\n\n\t\t\t\t\t<\/div>\n\t\t\t\t<\/div>\n\t\t\t\t\t<\/div>\n\t\t<\/div>\n\t\t\t\t\t<\/div>\n\t\t<\/section>\n\t\t\t\t<section data-custom-animations=\"true\" data-ca-options=\"{&quot;addChildTimelines&quot;:false,&quot;animationTarget&quot;:&quot;:scope &gt; .elementor-container &gt; .elementor-column&quot;,&quot;ease&quot;:[&quot;power4.out&quot;],&quot;initValues&quot;:{&quot;y&quot;:&quot;60px&quot;,&quot;opacity&quot;:0},&quot;animations&quot;:{&quot;y&quot;:&quot;0px&quot;,&quot;opacity&quot;:1}}\" class=\"elementor-section elementor-top-section elementor-element elementor-element-67d2cc3 elementor-section-boxed elementor-section-height-default elementor-section-height-default\" data-id=\"67d2cc3\" data-element_type=\"section\" data-e-type=\"section\">\n\t\t\t\t\t\t<div class=\"elementor-container elementor-column-gap-default\">\n\t\t\t\t\t<div class=\"elementor-column elementor-col-100 elementor-top-column elementor-element elementor-element-8887569\" data-id=\"8887569\" data-element_type=\"column\" data-e-type=\"column\">\n\t\t\t<div class=\"elementor-widget-wrap elementor-element-populated\">\n\t\t\t\t\t\t<div class=\"elementor-element elementor-element-c66184f elementor-widget elementor-widget-hub_fancy_heading\" data-id=\"c66184f\" data-element_type=\"widget\" data-e-type=\"widget\" data-widget_type=\"hub_fancy_heading.default\">\n\t\t\t\t<div class=\"elementor-widget-container\">\n\t\t\t\t\t\n\t\t<div id=\"ld-fancy-heading-69e8f76b7d936\" class=\"ld-fancy-heading pos-rel\">\n\t\t\t<h5 class=\"ld-fh-element d-inline-block pos-rel  elementor-heading-title lqd-highlight-classic lqd-highlight-grow-left h5\"  > Rel\u00e1jese, refr\u00e9squese y del\u00e9itese<br>  en la Experiencia Clubhouse<\/h5>\t\t<\/div>\n\n\t\t\t\t\t\t<\/div>\n\t\t\t\t<\/div>\n\t\t\t\t\t<\/div>\n\t\t<\/div>\n\t\t\t\t\t<\/div>\n\t\t<\/section>\n\t\t\t\t<\/div>\n\t\t","protected":false},"excerpt":{"rendered":"<p>Casa club Bienvenido a nuestra Casa Club: Donde le esperan momentos memorables Nuestra experiencia en el club Bienvenido al Club de Golf El Para\u00edso Nuestra experiencia en el club. El Paraiso Golf Club se enorgullece de ofrecer a sus invitados una experiencia \u00fanica en su clubhouse. Nuestra tienda profesional completamente renovada, restaurante y vestuario con [&hellip;]<\/p>\n","protected":false},"author":1,"featured_media":0,"parent":0,"menu_order":0,"comment_status":"closed","ping_status":"closed","template":"","meta":{"footnotes":""},"class_list":["post-10147","page","type-page","status-publish","hentry"],"_links":{"self":[{"href":"https:\/\/elparaisogolf.com\/es\/wp-json\/wp\/v2\/pages\/10147","targetHints":{"allow":["GET"]}}],"collection":[{"href":"https:\/\/elparaisogolf.com\/es\/wp-json\/wp\/v2\/pages"}],"about":[{"href":"https:\/\/elparaisogolf.com\/es\/wp-json\/wp\/v2\/types\/page"}],"author":[{"embeddable":true,"href":"https:\/\/elparaisogolf.com\/es\/wp-json\/wp\/v2\/users\/1"}],"replies":[{"embeddable":true,"href":"https:\/\/elparaisogolf.com\/es\/wp-json\/wp\/v2\/comments?post=10147"}],"version-history":[{"count":10,"href":"https:\/\/elparaisogolf.com\/es\/wp-json\/wp\/v2\/pages\/10147\/revisions"}],"predecessor-version":[{"id":11963,"href":"https:\/\/elparaisogolf.com\/es\/wp-json\/wp\/v2\/pages\/10147\/revisions\/11963"}],"wp:attachment":[{"href":"https:\/\/elparaisogolf.com\/es\/wp-json\/wp\/v2\/media?parent=10147"}],"curies":[{"name":"wp","href":"https:\/\/api.w.org\/{rel}","templated":true}]}}