{"id":10128,"date":"2023-03-15T18:53:38","date_gmt":"2023-03-15T18:53:38","guid":{"rendered":"https:\/\/elparaisogolf.com\/el-club\/"},"modified":"2026-04-06T17:37:44","modified_gmt":"2026-04-06T17:37:44","slug":"el-club","status":"publish","type":"page","link":"https:\/\/elparaisogolf.com\/es\/el-club\/","title":{"rendered":"El Club"},"content":{"rendered":"\t\t<div data-elementor-type=\"wp-page\" data-elementor-id=\"10128\" class=\"elementor elementor-10128 elementor-8916\" data-elementor-post-type=\"page\">\n\t\t\t\t\t\t<section class=\"elementor-section elementor-top-section elementor-element elementor-element-16fe8fa elementor-section-boxed elementor-section-height-default elementor-section-height-default\" data-id=\"16fe8fa\" data-element_type=\"section\" data-e-type=\"section\">\n\t\t\t\t\t\t<div class=\"elementor-container elementor-column-gap-default\">\n\t\t\t\t\t<div class=\"elementor-column elementor-col-100 elementor-top-column elementor-element elementor-element-70459e5c\" data-id=\"70459e5c\" data-element_type=\"column\" data-e-type=\"column\">\n\t\t\t<div class=\"elementor-widget-wrap elementor-element-populated\">\n\t\t\t\t\t\t<section class=\"elementor-section elementor-inner-section elementor-element elementor-element-2a5ceacf elementor-section-boxed elementor-section-height-default elementor-section-height-default\" data-id=\"2a5ceacf\" data-element_type=\"section\" data-e-type=\"section\">\n\t\t\t\t\t\t<div class=\"elementor-container elementor-column-gap-default\">\n\t\t\t\t\t<div class=\"elementor-column elementor-col-50 elementor-inner-column elementor-element elementor-element-2191a479\" data-id=\"2191a479\" data-element_type=\"column\" data-e-type=\"column\">\n\t\t\t<div class=\"elementor-widget-wrap elementor-element-populated\">\n\t\t\t\t\t\t<div class=\"elementor-element elementor-element-7cd79fa4 elementor-widget__width-auto elementor-widget elementor-widget-hub_fancy_heading\" data-id=\"7cd79fa4\" data-element_type=\"widget\" data-e-type=\"widget\" data-widget_type=\"hub_fancy_heading.default\">\n\t\t\t\t<div class=\"elementor-widget-container\">\n\t\t\t\t\t\n\t\t<div id=\"ld-fancy-heading-69e90fb20ad59\" class=\"ld-fancy-heading pos-rel\">\n\t\t\t<h6 class=\"ld-fh-element d-inline-block pos-rel  elementor-heading-title lqd-highlight-classic lqd-highlight-grow-left h6\"  > El Club<\/h6>\t\t<\/div>\n\n\t\t\t\t\t\t<\/div>\n\t\t\t\t<\/div>\n\t\t\t\t<div class=\"elementor-element elementor-element-2c0d99f elementor-widget elementor-widget-hub_fancy_heading\" data-id=\"2c0d99f\" data-element_type=\"widget\" data-e-type=\"widget\" data-widget_type=\"hub_fancy_heading.default\">\n\t\t\t\t<div class=\"elementor-widget-container\">\n\t\t\t\t\t\n\t\t<div id=\"ld-fancy-heading-69e90fb20c161\" class=\"ld-fancy-heading pos-rel\">\n\t\t\t<h5 class=\"ld-fh-element d-inline-block pos-rel  elementor-heading-title lqd-highlight-classic lqd-highlight-grow-left h5\"  > Experimente la excelencia en el golf: Un campo de infinita variedad y belleza incomparable<\/h5>\t\t<\/div>\n\n\t\t\t\t\t\t<\/div>\n\t\t\t\t<\/div>\n\t\t\t\t\t<\/div>\n\t\t<\/div>\n\t\t\t\t<div class=\"elementor-column elementor-col-50 elementor-inner-column elementor-element elementor-element-1b82539d\" data-id=\"1b82539d\" data-element_type=\"column\" data-e-type=\"column\">\n\t\t\t<div class=\"elementor-widget-wrap elementor-element-populated\">\n\t\t\t\t\t\t<div class=\"elementor-element elementor-element-4876eb98 elementor-widget elementor-widget-ld_custom_menu\" data-id=\"4876eb98\" data-element_type=\"widget\" data-e-type=\"widget\" data-widget_type=\"ld_custom_menu.default\">\n\t\t\t\t<div class=\"elementor-widget-container\">\n\t\t\t\t\t\n\t\t\t<div  \n\t\t\t\tclass=\"lqd-fancy-menu lqd-custom-menu pos-rel menu-items-has-border lqd-menu-td-none\"\n\t\t\t\t\t\t\t>\n\t\t\t\n\t\t\t\t\t\t\t<ul class=\"reset-ul\" id=\"4876eb98\"  data-localscroll=\"true\" data-localscroll-options=\"{&quot;itemsSelector&quot;:&quot;&gt; li &gt; a&quot;,&quot;trackWindowScroll&quot;:true,&quot;includeParentAsOffset&quot;:false,&quot;offsetElements&quot;:&quot;[data-sticky-header] .lqd-head-sec-wrap:not(.lqd-hide-onstuck), #wpadminbar, body.elementor-page .main-header[data-sticky-header] &gt; .elementor &gt; .elementor-section:not(.lqd-hide-onstuck):not(.lqd-stickybar-wrap)&quot;}\">\n\t\t\t\t\n\t\t\t\t\t\t<li>\n\t\t\t\t\t\t\t<a  href=\"#about\" > \n\n\t\t\t\t\t\t\t\t\t\t\t\t\t\t\t\t\t<span class=\"link-icon d-inline-flex hide-if-empty align-items-center right-icon icon-push-to-edge\"><i aria-hidden=\"true\" class=\"lqd-icn-ess icon-ion-ios-arrow-down\"><\/i><\/span>\t\n\t\t\t\t\t\t\t\t\n\t\t\t\t\t\t\t\t\t\t\t\t\t\t\t\t\tEl club  \n\t\t\t\t\t\t\t\t\t\t\t\t\t\t\t\t\t\t\t\t\t\t\t<\/a>\n\t\t\t\t\t\t\t\t\t\t\t\t\t<\/li>\n\n\t\t\t\t\t\t\n\t\t\t\t\t\t<li>\n\t\t\t\t\t\t\t<a  href=\"#team\" > \n\n\t\t\t\t\t\t\t\t\t\t\t\t\t\t\t\t\t<span class=\"link-icon d-inline-flex hide-if-empty align-items-center right-icon icon-push-to-edge\"><i aria-hidden=\"true\" class=\"lqd-icn-ess icon-ion-ios-arrow-down\"><\/i><\/span>\t\n\t\t\t\t\t\t\t\t\n\t\t\t\t\t\t\t\t\t\t\t\t\t\t\t\t\tUna experiencia de golf para todos  \n\t\t\t\t\t\t\t\t\t\t\t\t\t\t\t\t\t\t\t\t\t\t\t<\/a>\n\t\t\t\t\t\t\t\t\t\t\t\t\t<\/li>\n\n\t\t\t\t\t\t\n\t\t\t\t\t\t<li>\n\t\t\t\t\t\t\t<a  href=\"#awards\" > \n\n\t\t\t\t\t\t\t\t\t\t\t\t\t\t\t\t\t<span class=\"link-icon d-inline-flex hide-if-empty align-items-center right-icon icon-push-to-edge\"><i aria-hidden=\"true\" class=\"lqd-icn-ess icon-ion-ios-arrow-down\"><\/i><\/span>\t\n\t\t\t\t\t\t\t\t\n\t\t\t\t\t\t\t\t\t\t\t\t\t\t\t\t\tEl lugar perfecto para eventos memorables  \n\t\t\t\t\t\t\t\t\t\t\t\t\t\t\t\t\t\t\t\t\t\t\t<\/a>\n\t\t\t\t\t\t\t\t\t\t\t\t\t<\/li>\n\n\t\t\t\t\t\t\t\t\t\t<\/ul>\n\t\t\t\t\t\t<\/div>\n\t\t\t\t\t\t<\/div>\n\t\t\t\t<\/div>\n\t\t\t\t\t<\/div>\n\t\t<\/div>\n\t\t\t\t\t<\/div>\n\t\t<\/section>\n\t\t\t\t\t<\/div>\n\t\t<\/div>\n\t\t\t\t\t<\/div>\n\t\t<\/section>\n\t\t\t\t<section class=\"elementor-section elementor-top-section elementor-element elementor-element-7faa4b01 elementor-section-full_width elementor-section-height-default elementor-section-height-default\" data-id=\"7faa4b01\" data-element_type=\"section\" data-e-type=\"section\">\n\t\t\t\t\t\t<div class=\"elementor-container elementor-column-gap-no\">\n\t\t\t\t\t<div class=\"elementor-column elementor-col-100 elementor-top-column elementor-element elementor-element-8ddfae3\" data-id=\"8ddfae3\" data-element_type=\"column\" data-e-type=\"column\">\n\t\t\t<div class=\"elementor-widget-wrap elementor-element-populated\">\n\t\t\t\t\t\t<div class=\"elementor-element elementor-element-5313a4f2 elementor-widget elementor-widget-ld_mask_slider\" data-id=\"5313a4f2\" data-element_type=\"widget\" data-e-type=\"widget\" data-widget_type=\"ld_mask_slider.default\">\n\t\t\t\t<div class=\"elementor-widget-container\">\n\t\t\t\t\t\n\t\t<div class=\"lqd-mask-slider-slides pos-rel overflow-hidden\" data-lqd-switch-active=\"true\" data-switch-options=\"{&quot;waitForInview&quot;:true,&quot;prevClasses&quot;:[&quot;lqd-mask-slider-slide-active&quot;,&quot;lqd-mask-slider-slide-prev&quot;],&quot;activeClasses&quot;:[&quot;lqd-mask-slider-slide-active&quot;,&quot;lqd-mask-slider-slide-current&quot;,&quot;z-index-2&quot;],&quot;nextClasses&quot;:[&quot;lqd-mask-slider-slide-next&quot;],&quot;duration&quot;:4}\">\n\t\t\t      <div class=\"lqd-mask-slider-slide d-flex lqd-overlay\">\n              <div class=\"lqd-mask-slider-img-wrap h-100 pos-rel overflow-hidden\" style=\"width: 100%;\">\n        <div class=\"lqd-mask-slider-movin-part lqd-mask-slider-img-inner lqd-overlay overflow-hidden\">\n          <figure class=\"lqd-mask-slider-movin-part lqd-mask-slider-fig lqd-overlay overflow-hidden\">\n            <img decoding=\"async\" class=\"lqd-mask-slider-movin-part lqd-mask-slider-img w-100 h-100 objfit-cover objfit-center\" src=\"https:\/\/elparaisogolf.com\/wp-content\/uploads\/2023\/05\/El-Paraiso-Golf-Club-Estepona-Malaga-Spain-Golf-club-49.webp\" alt=\"El Paraiso Golf Club - Estepona, Malaga Spain - Golf club 49\">\n          <\/figure>\n        <\/div>\n      <\/div>\n          <\/div>\n          <div class=\"lqd-mask-slider-slide d-flex lqd-overlay\">\n              <div class=\"lqd-mask-slider-img-wrap h-100 pos-rel overflow-hidden\" style=\"width: 100%;\">\n        <div class=\"lqd-mask-slider-movin-part lqd-mask-slider-img-inner lqd-overlay overflow-hidden\">\n          <figure class=\"lqd-mask-slider-movin-part lqd-mask-slider-fig lqd-overlay overflow-hidden\">\n            <img decoding=\"async\" class=\"lqd-mask-slider-movin-part lqd-mask-slider-img w-100 h-100 objfit-cover objfit-center\" src=\"https:\/\/elparaisogolf.com\/wp-content\/uploads\/2023\/05\/El-Paraiso-Golf-Club-Estepona-Malaga-Spain-Golf-club-49.webp\" alt=\"El Paraiso Golf Club - Estepona, Malaga Spain - Golf club 49\">\n          <\/figure>\n        <\/div>\n      <\/div>\n          <\/div>\n    \t\t<\/div>\n\n\t\t\t\t\t<\/div>\n\t\t\t\t<\/div>\n\t\t\t\t\t<\/div>\n\t\t<\/div>\n\t\t\t\t\t<\/div>\n\t\t<\/section>\n\t\t\t\t<section data-custom-animations=\"true\" data-ca-options=\"{&quot;addChildTimelines&quot;:false,&quot;animationTarget&quot;:&quot;:scope &gt; .elementor-container &gt; .elementor-column&quot;,&quot;duration&quot;:1800,&quot;startDelay&quot;:600,&quot;delay&quot;:180,&quot;ease&quot;:[&quot;power4.out&quot;],&quot;initValues&quot;:{&quot;x&quot;:&quot;-55px&quot;,&quot;z&quot;:&quot;-120px&quot;,&quot;scaleX&quot;:1.05,&quot;rotationY&quot;:25,&quot;opacity&quot;:0,&quot;transformOrigin&quot;:&quot;150% 50% 0px&quot;},&quot;animations&quot;:{&quot;x&quot;:&quot;0px&quot;,&quot;z&quot;:&quot;0px&quot;,&quot;scaleX&quot;:1,&quot;rotationY&quot;:0,&quot;opacity&quot;:1,&quot;transformOrigin&quot;:&quot;50% 50% 0px&quot;}}\" class=\"elementor-section elementor-top-section elementor-element elementor-element-5d25f692 elementor-section-boxed elementor-section-height-default elementor-section-height-default\" data-id=\"5d25f692\" data-element_type=\"section\" data-e-type=\"section\" id=\"about\">\n\t\t\t\t\t\t<div class=\"elementor-container elementor-column-gap-default\">\n\t\t\t\t\t<div data-animated-borders=\"1\" class=\"elementor-column elementor-col-100 elementor-top-column elementor-element elementor-element-23f561b1\" data-id=\"23f561b1\" data-element_type=\"column\" data-e-type=\"column\">\n\t\t\t<div class=\"elementor-widget-wrap elementor-element-populated\">\n\t\t\t\t\t\t<div class=\"elementor-element elementor-element-6fc9b9fd elementor-widget elementor-widget-ld_tabs\" data-id=\"6fc9b9fd\" data-element_type=\"widget\" data-e-type=\"widget\" data-widget_type=\"ld_tabs.default\">\n\t\t\t\t<div class=\"elementor-widget-container\">\n\t\t\t\t\t\t\t<div class=\"lqd-tabs lqd-tabs-style-7 lqd-tabs-nav-plain d-flex lqd-tabs-nav-items-not-expanded flex-column 6fc9b9fd lqd-nav-underline-default\" data-tabs-options='{\"trigger\":\"click\"}'>\n\t\t\n\t\t\t<nav class=\"lqd-tabs-nav-wrap mb-6\">\n\t\t\t\t<ul class=\"reset-ul lqd-tabs-nav d-flex align-items-center flex-wrap justify-content-between pos-rel\" role=\"tablist\"><li data-controls=\"lqd-tab-1871\" role=\"presentation\" class=\"elementor-repeater-item-d2e015a active mb-3\"><a class=\"d-flex align-items-center\" href=\"#lqd-tab-1871\" aria-expanded=\"false\" aria-controls=\"lqd-tab-1871\" role=\"tab\" data-toggle=\"tab\"><span class=\"lqd-tabs-nav-txt\">El club<\/span><\/a><\/li><\/ul>\t\t\t\t \n\t\t\t<\/nav>\n\t\t\n\t\t\t<div class=\"lqd-tabs-content pos-rel\"><div id=\"lqd-tab-1871\" role=\"tabpanel\" class=\"lqd-tabs-pane fade active in\"><p>En El Para\u00edso Golf Club, nos enorgullecemos de ser uno de los destinos m\u00e1s prestigiosos para los aficionados al golf en la Costa del Sol. Ubicado en el coraz\u00f3n de Estepona, nuestro club ofrece una experiencia \u00fanica para golfistas de todos los niveles y edades.<\/p> <\/div><\/div>\t\t\n\t\t<\/div>\n\t\t\t\t\t<\/div>\n\t\t\t\t<\/div>\n\t\t\t\t\t<\/div>\n\t\t<\/div>\n\t\t\t\t\t<\/div>\n\t\t<\/section>\n\t\t\t\t<section data-custom-animations=\"true\" data-ca-options=\"{&quot;addChildTimelines&quot;:false,&quot;animationTarget&quot;:&quot;:scope &gt; .elementor-container &gt; .elementor-column&quot;,&quot;ease&quot;:[&quot;power4.out&quot;],&quot;initValues&quot;:{&quot;y&quot;:&quot;40px&quot;,&quot;opacity&quot;:0},&quot;animations&quot;:{&quot;y&quot;:&quot;0px&quot;,&quot;opacity&quot;:1}}\" class=\"elementor-section elementor-top-section elementor-element elementor-element-6687c03a elementor-section-content-middle elementor-reverse-mobile elementor-section-boxed elementor-section-height-default elementor-section-height-default\" data-id=\"6687c03a\" data-element_type=\"section\" data-e-type=\"section\" id=\"team\">\n\t\t\t\t\t\t<div class=\"elementor-container elementor-column-gap-default\">\n\t\t\t\t\t<div class=\"elementor-column elementor-col-50 elementor-top-column elementor-element elementor-element-17c89078\" data-id=\"17c89078\" data-element_type=\"column\" data-e-type=\"column\">\n\t\t\t<div class=\"elementor-widget-wrap elementor-element-populated\">\n\t\t\t\t\t\t<div data-parallax=\"true\" data-parallax-options=\"{&quot;ease&quot;:[&quot;linear&quot;],&quot;start&quot;:&quot;top bottom&quot;,&quot;end&quot;:&quot;bottom+=0px top&quot;}\" data-parallax-from=\"{&quot;y&quot;:&quot;-120px&quot;}\" data-parallax-to=\"{&quot;y&quot;:&quot;22px&quot;}\" class=\"elementor-element elementor-element-64879f93 elementor-widget elementor-widget-ld_fancy_image\" data-id=\"64879f93\" data-element_type=\"widget\" data-e-type=\"widget\" data-widget_type=\"ld_fancy_image.default\">\n\t\t\t\t<div class=\"elementor-widget-container\">\n\t\t\t\t\t\n\t\t\t<div class=\"lqd-imggrp-single d-inline-flex pos-rel align-items-center justify-content-center\"   >\n\n\t\t\t\t\n\t\t\t\t<div class=\"lqd-imggrp-img-container pos-rel\" >\n\n\t\t\t\t\t<figure\n\t\t\t\t\t\tclass=\"w-100 pos-rel\"\n\t\t\t\t\t\t\t\t\t\t\t\t\t\t\t\t\t>\n\t\t\t\t\t\t<img fetchpriority=\"high\" decoding=\"async\" width=\"1517\" height=\"1280\" src=\"https:\/\/elparaisogolf.com\/wp-content\/uploads\/2023\/03\/El-Paraiso-Golf-Club-Golf-Course-in-Estepona-Costa-del-Sol-31-1.jpg\" class=\"attachment-full size-full wp-image-8995\" alt=\"El Paraiso Golf Club - Golf Course in Estepona - Costa del Sol - 31\" srcset=\"https:\/\/elparaisogolf.com\/wp-content\/uploads\/2023\/03\/El-Paraiso-Golf-Club-Golf-Course-in-Estepona-Costa-del-Sol-31-1.jpg 1517w, https:\/\/elparaisogolf.com\/wp-content\/uploads\/2023\/03\/El-Paraiso-Golf-Club-Golf-Course-in-Estepona-Costa-del-Sol-31-1-300x253.jpg 300w, https:\/\/elparaisogolf.com\/wp-content\/uploads\/2023\/03\/El-Paraiso-Golf-Club-Golf-Course-in-Estepona-Costa-del-Sol-31-1-1024x864.jpg 1024w, https:\/\/elparaisogolf.com\/wp-content\/uploads\/2023\/03\/El-Paraiso-Golf-Club-Golf-Course-in-Estepona-Costa-del-Sol-31-1-760x640.jpg 760w\" sizes=\"(max-width: 1517px) 100vw, 1517px\" \/>\t\t\t\t\t\t\t\t\t\t\t\t\t\t\t\t\t\t\t\t\t\t\t\t\t\t\t\t\t\t\t\t\t\t\t\t\t\t\t\t\t\t\t\t\t\t\t<\/figure>\n\n\t\t\t\t<\/div>\n\t\t\t<\/div>\n\n\t\t\t\t\t\t<\/div>\n\t\t\t\t<\/div>\n\t\t\t\t\t<\/div>\n\t\t<\/div>\n\t\t\t\t<div class=\"elementor-column elementor-col-50 elementor-top-column elementor-element elementor-element-2c4f354d\" data-id=\"2c4f354d\" data-element_type=\"column\" data-e-type=\"column\">\n\t\t\t<div class=\"elementor-widget-wrap elementor-element-populated\">\n\t\t\t\t\t\t<div class=\"elementor-element elementor-element-779d7761 elementor-widget elementor-widget-ld_tabs\" data-id=\"779d7761\" data-element_type=\"widget\" data-e-type=\"widget\" data-widget_type=\"ld_tabs.default\">\n\t\t\t\t<div class=\"elementor-widget-container\">\n\t\t\t\t\t\t\t<div class=\"lqd-tabs lqd-tabs-style-7 lqd-tabs-nav-plain d-flex lqd-tabs-nav-items-not-expanded flex-column 779d7761 lqd-nav-underline-default\" data-tabs-options='{\"trigger\":\"click\"}'>\n\t\t\n\t\t\t<nav class=\"lqd-tabs-nav-wrap mb-6\">\n\t\t\t\t<ul class=\"reset-ul lqd-tabs-nav d-flex align-items-center flex-wrap justify-content-between pos-rel\" role=\"tablist\"><li data-controls=\"lqd-tab-2001\" role=\"presentation\" class=\"elementor-repeater-item-d2e015a active mb-3\"><a class=\"d-flex align-items-center\" href=\"#lqd-tab-2001\" aria-expanded=\"false\" aria-controls=\"lqd-tab-2001\" role=\"tab\" data-toggle=\"tab\"><span class=\"lqd-tabs-nav-txt\">Una experiencia de golf para todos<\/span><\/a><\/li><\/ul>\t\t\t\t \n\t\t\t<\/nav>\n\t\t\n\t\t\t<div class=\"lqd-tabs-content pos-rel\"><div id=\"lqd-tab-2001\" role=\"tabpanel\" class=\"lqd-tabs-pane fade active in\"><p>Nuestras instalaciones de \u00faltima generaci\u00f3n combinan la belleza natural de la regi\u00f3n con dise\u00f1os cuidadosamente elaborados para brindar a nuestros miembros y visitantes una experiencia inolvidable. Presumimos de un campo de golf de 18 hoyos dise\u00f1ado por el legendario Gary Player, cuyas caracter\u00edsticas estrat\u00e9gicas desaf\u00edan a los jugadores a mejorar su juego y perfeccionar sus habilidades.<\/p> <\/div><\/div>\t\t\n\t\t<\/div>\n\t\t\t\t\t<\/div>\n\t\t\t\t<\/div>\n\t\t\t\t\t<\/div>\n\t\t<\/div>\n\t\t\t\t\t<\/div>\n\t\t<\/section>\n\t\t\t\t<section class=\"elementor-section elementor-top-section elementor-element elementor-element-4baee256 elementor-section-boxed elementor-section-height-default elementor-section-height-default\" data-id=\"4baee256\" data-element_type=\"section\" data-e-type=\"section\" id=\"awards\">\n\t\t\t\t\t\t<div class=\"elementor-container elementor-column-gap-default\">\n\t\t\t\t\t<div class=\"elementor-column elementor-col-100 elementor-top-column elementor-element elementor-element-3e416d22\" data-id=\"3e416d22\" data-element_type=\"column\" data-e-type=\"column\">\n\t\t\t<div class=\"elementor-widget-wrap elementor-element-populated\">\n\t\t\t\t\t\t<div class=\"elementor-element elementor-element-63c693f6 elementor-widget elementor-widget-ld_tabs\" data-id=\"63c693f6\" data-element_type=\"widget\" data-e-type=\"widget\" data-widget_type=\"ld_tabs.default\">\n\t\t\t\t<div class=\"elementor-widget-container\">\n\t\t\t\t\t\t\t<div class=\"lqd-tabs lqd-tabs-style-7 lqd-tabs-nav-plain d-flex lqd-tabs-nav-items-not-expanded flex-column 63c693f6 lqd-nav-underline-default\" data-tabs-options='{\"trigger\":\"click\"}'>\n\t\t\n\t\t\t<nav class=\"lqd-tabs-nav-wrap mb-6\">\n\t\t\t\t<ul class=\"reset-ul lqd-tabs-nav d-flex align-items-center flex-wrap justify-content-between pos-rel\" role=\"tablist\"><li data-controls=\"lqd-tab-1671\" role=\"presentation\" class=\"elementor-repeater-item-d2e015a active mb-3\"><a class=\"d-flex align-items-center\" href=\"#lqd-tab-1671\" aria-expanded=\"false\" aria-controls=\"lqd-tab-1671\" role=\"tab\" data-toggle=\"tab\"><span class=\"lqd-tabs-nav-txt\">El lugar perfecto para eventos memorables.<\/span><\/a><\/li><\/ul>\t\t\t\t \n\t\t\t<\/nav>\n\t\t\n\t\t\t<div class=\"lqd-tabs-content pos-rel\"><div id=\"lqd-tab-1671\" role=\"tabpanel\" class=\"lqd-tabs-pane fade active in\"><p>M\u00e1s all\u00e1 del campo de golf, ofrecemos una variedad de comodidades para mejorar su visita. Nuestra casa club cuenta con instalaciones lujosas donde puede relajarse, socializar y disfrutar de deliciosa cocina en nuestro exquisito restaurante. Tambi\u00e9n ofrecemos clases y cl\u00ednicas de golf profesionales, asegurando que jugadores de todos los niveles tengan la oportunidad de mejorar sus habilidades y aprovechar al m\u00e1ximo su tiempo en nuestro club.<\/p><p>Ya sea que est\u00e9 buscando una ronda desafiante de golf, una reuni\u00f3n social con entusiastas del golf o un lugar pintoresco para eventos y ocasiones especiales, El Para\u00edso Golf Club es la elecci\u00f3n perfecta. Venga y experimente la belleza, la excelencia y la c\u00e1lida hospitalidad que definen nuestro club. Esperamos darle la bienvenida a El Para\u00edso Golf Club, donde los sue\u00f1os de golf se hacen realidad.<\/p> <\/div><\/div>\t\t\n\t\t<\/div>\n\t\t\t\t\t<\/div>\n\t\t\t\t<\/div>\n\t\t\t\t\t<\/div>\n\t\t<\/div>\n\t\t\t\t\t<\/div>\n\t\t<\/section>\n\t\t\t\t<section data-section-luminosity=\"dark\" class=\"elementor-section elementor-top-section elementor-element elementor-element-745c65cb elementor-section-boxed elementor-section-height-default elementor-section-height-default\" data-id=\"745c65cb\" data-element_type=\"section\" data-e-type=\"section\" data-settings=\"{&quot;background_background&quot;:&quot;classic&quot;}\">\n\t\t\t\t\t\t<div class=\"elementor-container elementor-column-gap-default\">\n\t\t\t\t\t<div class=\"elementor-column elementor-col-100 elementor-top-column elementor-element elementor-element-989488\" data-id=\"989488\" data-element_type=\"column\" data-e-type=\"column\">\n\t\t\t<div class=\"elementor-widget-wrap\">\n\t\t\t\t\t\t\t<\/div>\n\t\t<\/div>\n\t\t\t\t\t<\/div>\n\t\t<\/section>\n\t\t\t\t<section data-custom-animations=\"true\" data-ca-options=\"{&quot;addChildTimelines&quot;:false,&quot;animationTarget&quot;:&quot;:scope &gt; .elementor-container &gt; .elementor-column&quot;,&quot;ease&quot;:[&quot;power4.out&quot;],&quot;initValues&quot;:{&quot;y&quot;:&quot;60px&quot;,&quot;opacity&quot;:0},&quot;animations&quot;:{&quot;y&quot;:&quot;0px&quot;,&quot;opacity&quot;:1}}\" class=\"elementor-section elementor-top-section elementor-element elementor-element-4876e0ef elementor-section-boxed elementor-section-height-default elementor-section-height-default\" data-id=\"4876e0ef\" data-element_type=\"section\" data-e-type=\"section\">\n\t\t\t\t\t\t<div class=\"elementor-container elementor-column-gap-default\">\n\t\t\t\t\t<div class=\"elementor-column elementor-col-100 elementor-top-column elementor-element elementor-element-1550dfd4\" data-id=\"1550dfd4\" data-element_type=\"column\" data-e-type=\"column\">\n\t\t\t<div class=\"elementor-widget-wrap elementor-element-populated\">\n\t\t\t\t\t\t<div class=\"elementor-element elementor-element-2fe80a03 elementor-widget elementor-widget-hub_fancy_heading\" data-id=\"2fe80a03\" data-element_type=\"widget\" data-e-type=\"widget\" data-widget_type=\"hub_fancy_heading.default\">\n\t\t\t\t<div class=\"elementor-widget-container\">\n\t\t\t\t\t\n\t\t<div id=\"ld-fancy-heading-69e90fb222049\" class=\"ld-fancy-heading pos-rel\">\n\t\t\t<h5 class=\"ld-fh-element d-inline-block pos-rel  elementor-heading-title lqd-highlight-classic lqd-highlight-grow-left h5\"  > Experimente nuestro campo de golf \u00fanico<\/h5>\t\t<\/div>\n\n\t\t\t\t\t\t<\/div>\n\t\t\t\t<\/div>\n\t\t\t\t\t<\/div>\n\t\t<\/div>\n\t\t\t\t\t<\/div>\n\t\t<\/section>\n\t\t\t\t<section class=\"elementor-section elementor-top-section elementor-element elementor-element-holac8ec4a7 elementor-section-boxed elementor-section-height-default elementor-section-height-default\" data-id=\"holac8ec4a7\" data-element_type=\"section\" data-e-type=\"section\" id=\"hola-seo-section\">\n\t\t\t\t\t\t<div class=\"elementor-container elementor-column-gap-default\">\n\t\t\t\t\t<div class=\"elementor-column elementor-col-100 elementor-top-column elementor-element elementor-element-holaf571c0d\" data-id=\"holaf571c0d\" data-element_type=\"column\" data-e-type=\"column\">\n\t\t\t<div class=\"elementor-widget-wrap elementor-element-populated\">\n\t\t\t\t\t\t<div class=\"elementor-element elementor-element-hola54dd98c elementor-widget elementor-widget-text-editor\" data-id=\"hola54dd98c\" data-element_type=\"widget\" data-e-type=\"widget\" data-widget_type=\"text-editor.default\">\n\t\t\t\t\t\t\t\t\t<h2>El Para\u00edso \u2014 El Club de Golf en Estepona con Historia Gary Player<\/h2>\n<p>El Para\u00edso Golf Club es el <strong>club de golf de referencia en Estepona<\/strong>, Costa del Sol. Fundado en 1973 con un campo dise\u00f1ado por <strong>Gary Player<\/strong>, este <strong>club de golf Estepona<\/strong> lleva m\u00e1s de 50 a\u00f1os siendo un referente de la escena golf\u00edstica de la regi\u00f3n.<\/p>\n<p>En el <strong>club de golf El Para\u00edso Estepona<\/strong>, tanto abonados como jugadores visitantes son recibidos con calidez genuina. A diferencia de muchos clubs de la Costa del Sol, nuestro <strong>club de golf en Estepona<\/strong> tiene el ambiente de una comunidad real \u2014 m\u00e1s de 500 abonados activos de 20+ nacionalidades que se conocen por su nombre.<\/p>\n<h3>Club de Golf Estepona \u2014 Datos Clave de El Para\u00edso<\/h3>\n<ul>\n<li>El <strong>club de golf Estepona<\/strong> m\u00e1s hist\u00f3rico \u2014 campo Gary Player desde 1973<\/li>\n<li>Ubicado a 10 min de Estepona y 25 min de Puerto Ban\u00fas \u2014 <strong>club de golf Costa del Sol<\/strong><\/li>\n<li>M\u00e1s de 500 abonados de 20+ nacionalidades en el <strong>club golf Estepona<\/strong><\/li>\n<li>Academia Junior, restaurante con terraza, pro shop y campo de pr\u00e1cticas<\/li>\n<li>Abono disponible en este <strong>club de golf Estepona<\/strong> sin compra de acciones<\/li>\n<\/ul>\n<h3>Por Qu\u00e9 Este Club de Golf Estepona es Diferente<\/h3>\n<p>La experiencia en el <strong>club de golf El Para\u00edso Estepona<\/strong> va m\u00e1s all\u00e1 del campo. Es un lugar con historia, comunidad y el dise\u00f1o \u00fanico de Gary Player \u2014 el <strong>club de golf en Estepona<\/strong> donde los golfistas se convierten en amigos y cada vuelta es un recuerdo.<\/p>\n<p>Descubre el <strong>club de golf Estepona<\/strong> que lleva m\u00e1s de 50 a\u00f1os acogiendo a golfistas de toda Europa \u2014 El Para\u00edso Golf Club, Costa del Sol.<\/p>\t\t\t\t\t\t\t\t<\/div>\n\t\t\t\t\t<\/div>\n\t\t<\/div>\n\t\t\t\t\t<\/div>\n\t\t<\/section>\n\t\t\t\t<\/div>\n\t\t","protected":false},"excerpt":{"rendered":"<p>El Club Experimente la excelencia en el golf: Un campo de infinita variedad y belleza incomparable El club Una experiencia de golf para todos El lugar perfecto para eventos memorables El club En El Para\u00edso Golf Club, nos enorgullecemos de ser uno de los destinos m\u00e1s prestigiosos para los aficionados al golf en la Costa [&hellip;]<\/p>\n","protected":false},"author":1,"featured_media":10021,"parent":0,"menu_order":0,"comment_status":"closed","ping_status":"closed","template":"","meta":{"footnotes":""},"class_list":["post-10128","page","type-page","status-publish","has-post-thumbnail","hentry"],"_links":{"self":[{"href":"https:\/\/elparaisogolf.com\/es\/wp-json\/wp\/v2\/pages\/10128","targetHints":{"allow":["GET"]}}],"collection":[{"href":"https:\/\/elparaisogolf.com\/es\/wp-json\/wp\/v2\/pages"}],"about":[{"href":"https:\/\/elparaisogolf.com\/es\/wp-json\/wp\/v2\/types\/page"}],"author":[{"embeddable":true,"href":"https:\/\/elparaisogolf.com\/es\/wp-json\/wp\/v2\/users\/1"}],"replies":[{"embeddable":true,"href":"https:\/\/elparaisogolf.com\/es\/wp-json\/wp\/v2\/comments?post=10128"}],"version-history":[{"count":10,"href":"https:\/\/elparaisogolf.com\/es\/wp-json\/wp\/v2\/pages\/10128\/revisions"}],"predecessor-version":[{"id":11775,"href":"https:\/\/elparaisogolf.com\/es\/wp-json\/wp\/v2\/pages\/10128\/revisions\/11775"}],"wp:featuredmedia":[{"embeddable":true,"href":"https:\/\/elparaisogolf.com\/es\/wp-json\/wp\/v2\/media\/10021"}],"wp:attachment":[{"href":"https:\/\/elparaisogolf.com\/es\/wp-json\/wp\/v2\/media?parent=10128"}],"curies":[{"name":"wp","href":"https:\/\/api.w.org\/{rel}","templated":true}]}}