{"id":10126,"date":"2023-02-20T23:01:05","date_gmt":"2023-02-20T23:01:05","guid":{"rendered":"https:\/\/elparaisogolf.com\/politica-de-privacidad\/"},"modified":"2025-12-17T11:56:53","modified_gmt":"2025-12-17T11:56:53","slug":"politica-de-privacidad","status":"publish","type":"page","link":"https:\/\/elparaisogolf.com\/es\/politica-de-privacidad\/","title":{"rendered":"Pol\u00edtica de privacidad"},"content":{"rendered":"\t\t<div data-elementor-type=\"wp-page\" data-elementor-id=\"10126\" class=\"elementor elementor-10126 elementor-3\" data-elementor-post-type=\"page\">\n\t\t\t\t<div class=\"elementor-element elementor-element-b4831b6 e-flex e-con-boxed e-con e-parent\" data-id=\"b4831b6\" data-element_type=\"container\" data-e-type=\"container\">\n\t\t\t\t\t<div class=\"e-con-inner\">\n\t\t\t\t<div class=\"elementor-element elementor-element-3b3c656 elementor-widget elementor-widget-text-editor\" data-id=\"3b3c656\" data-element_type=\"widget\" data-e-type=\"widget\" data-widget_type=\"text-editor.default\">\n\t\t\t\t\t\t\t\t\t<h1>Club de Golf El Paraiso S.A.U.<\/h1><p>Opera en www.elparaisogolf.com. Esta p\u00e1gina le informa de nuestras pol\u00edticas relativas a la recogida, uso y divulgaci\u00f3n de la Informaci\u00f3n Personal que recibimos de los usuarios del Sitio. Club de Golf El Paraiso, Urb. El Paraiso, Ctra de C\u00e1diz, km 167,, 29680 &#8211; Estepona,<\/p><p>Utilizamos sus Datos Personales \u00fanicamente para proporcionar y mejorar el Sitio. Al utilizar el Sitio, usted acepta la recopilaci\u00f3n y el uso de la informaci\u00f3n de acuerdo con esta pol\u00edtica.<\/p><h1>Recogida y uso de la informaci\u00f3n<\/h1><p>Al utilizar nuestro Sitio, es posible que le pidamos que nos proporcione cierta informaci\u00f3n de identificaci\u00f3n personal que puede utilizarse para ponernos en contacto con usted o identificarle. La informaci\u00f3n personal identificable puede incluir, entre otros, su nombre (&#8220;Informaci\u00f3n personal&#8221;).<\/p><h1>Datos de registro<\/h1><p>Al igual que muchos operadores de sitios web, recopilamos informaci\u00f3n que su navegador env\u00eda cada vez que visita nuestro sitio.<\/p><p>Estos Datos de Registro pueden incluir informaci\u00f3n como la direcci\u00f3n de Protocolo de Internet (&#8220;www.elparaisogolf.com&#8221;) de su ordenador, el tipo de navegador, la versi\u00f3n del navegador, las p\u00e1ginas de nuestro Sitio que visita, la hora y la fecha de su visita, el tiempo empleado en esas p\u00e1ginas y otras estad\u00edsticas.<\/p><p>Adem\u00e1s, podemos utilizar servicios de terceros, como Google Analytics, que recopilan, supervisan y analizan esta &#8230;<\/p><p>La secci\u00f3n Datos de registro es para empresas que utilizan servicios de an\u00e1lisis o seguimiento en sitios web o aplicaciones, como Google Analytics. Para la secci\u00f3n de divulgaci\u00f3n completa, cree su propia Pol\u00edtica de privacidad.<\/p><h1>Comunicaciones<\/h1><p>Podemos utilizar sus Datos Personales para ponernos en contacto con usted mediante boletines informativos, material de marketing o promocional y otra informaci\u00f3n que &#8230;<\/p><p>La secci\u00f3n Comunicaciones est\u00e1 destinada a las empresas que pueden ponerse en contacto con los usuarios por correo electr\u00f3nico (boletines informativos por correo electr\u00f3nico) u otros m\u00e9todos. Para la secci\u00f3n de divulgaci\u00f3n completa, cree su propia Pol\u00edtica de privacidad.<\/p><h1>Cookies<\/h1><p>Las cookies son archivos con peque\u00f1as cantidades de datos, que pueden incluir un identificador \u00fanico an\u00f3nimo. Las cookies se env\u00edan a su navegador desde un sitio web y se almacenan en el disco duro de su ordenador.<\/p><p>Como muchos sitios, utilizamos &#8220;cookies&#8221; para recoger informaci\u00f3n. Puede indicar a su navegador que rechace todas las cookies o que le indique cu\u00e1ndo se env\u00eda una cookie. Sin embargo, si no acepta las cookies, es posible que no pueda utilizar algunas partes de nuestro Sitio.<\/p><h1>Seguridad<\/h1><p>La seguridad de su Informaci\u00f3n Personal es importante para nosotros, pero recuerde que ning\u00fan m\u00e9todo de transmisi\u00f3n por Internet, o m\u00e9todo de almacenamiento electr\u00f3nico, es 100% seguro. Aunque nos esforzamos por utilizar medios comercialmente aceptables para proteger sus Datos Personales, no podemos garantizar su absoluta seguridad.<\/p><h1>Cambios en esta pol\u00edtica de privacidad<\/h1><p>La presente Pol\u00edtica de Privacidad es efectiva a partir de (a\u00f1adir fecha) y permanecer\u00e1 en vigor salvo en lo que respecta a cualquier modificaci\u00f3n de sus disposiciones en el futuro, que entrar\u00e1 en vigor inmediatamente despu\u00e9s de ser publicada en esta p\u00e1gina.<\/p><p>Nos reservamos el derecho a actualizar o modificar nuestra Pol\u00edtica de Privacidad en cualquier momento, por lo que deber\u00e1 consultarla peri\u00f3dicamente. Su uso continuado del Servicio despu\u00e9s de que publiquemos cualquier modificaci\u00f3n de la Pol\u00edtica de Privacidad en esta p\u00e1gina constituir\u00e1 su reconocimiento de las modificaciones y su consentimiento para acatar y estar obligado por la Pol\u00edtica de Privacidad modificada.<\/p><p>Si introducimos alg\u00fan cambio sustancial en esta Pol\u00edtica de Privacidad, se lo notificaremos a trav\u00e9s de la direcci\u00f3n de correo electr\u00f3nico que nos haya facilitado o mediante un aviso destacado en nuestro sitio web.<\/p><h1>Contacte con nosotros<\/h1><p>Si tiene alguna pregunta sobre esta Pol\u00edtica de privacidad, p\u00f3ngase en contacto con nosotros.<\/p>\t\t\t\t\t\t\t\t<\/div>\n\t\t\t\t\t<\/div>\n\t\t\t\t<\/div>\n\t\t\t\t<\/div>\n\t\t","protected":false},"excerpt":{"rendered":"<p>Club de Golf El Paraiso S.A.U. Opera en www.elparaisogolf.com. Esta p\u00e1gina le informa de nuestras pol\u00edticas relativas a la recogida, uso y divulgaci\u00f3n de la Informaci\u00f3n Personal que recibimos de los usuarios del Sitio. Club de Golf El Paraiso, Urb. El Paraiso, Ctra de C\u00e1diz, km 167,, 29680 &#8211; Estepona, Utilizamos sus Datos Personales \u00fanicamente [&hellip;]<\/p>\n","protected":false},"author":1,"featured_media":0,"parent":0,"menu_order":0,"comment_status":"closed","ping_status":"closed","template":"","meta":{"footnotes":""},"class_list":["post-10126","page","type-page","status-publish","hentry"],"_links":{"self":[{"href":"https:\/\/elparaisogolf.com\/es\/wp-json\/wp\/v2\/pages\/10126","targetHints":{"allow":["GET"]}}],"collection":[{"href":"https:\/\/elparaisogolf.com\/es\/wp-json\/wp\/v2\/pages"}],"about":[{"href":"https:\/\/elparaisogolf.com\/es\/wp-json\/wp\/v2\/types\/page"}],"author":[{"embeddable":true,"href":"https:\/\/elparaisogolf.com\/es\/wp-json\/wp\/v2\/users\/1"}],"replies":[{"embeddable":true,"href":"https:\/\/elparaisogolf.com\/es\/wp-json\/wp\/v2\/comments?post=10126"}],"version-history":[{"count":4,"href":"https:\/\/elparaisogolf.com\/es\/wp-json\/wp\/v2\/pages\/10126\/revisions"}],"predecessor-version":[{"id":12341,"href":"https:\/\/elparaisogolf.com\/es\/wp-json\/wp\/v2\/pages\/10126\/revisions\/12341"}],"wp:attachment":[{"href":"https:\/\/elparaisogolf.com\/es\/wp-json\/wp\/v2\/media?parent=10126"}],"curies":[{"name":"wp","href":"https:\/\/api.w.org\/{rel}","templated":true}]}}