{"id":10125,"date":"2023-05-22T18:59:34","date_gmt":"2023-05-22T18:59:34","guid":{"rendered":"https:\/\/elparaisogolf.com\/aviso-legal\/"},"modified":"2026-03-21T18:09:40","modified_gmt":"2026-03-21T18:09:40","slug":"aviso-legal","status":"publish","type":"page","link":"https:\/\/elparaisogolf.com\/es\/aviso-legal\/","title":{"rendered":"Aviso legal"},"content":{"rendered":"\t\t<div data-elementor-type=\"wp-page\" data-elementor-id=\"10125\" class=\"elementor elementor-10125 elementor-9618\" data-elementor-post-type=\"page\">\n\t\t\t\t<div class=\"elementor-element elementor-element-5dac65f8 e-flex e-con-boxed e-con e-parent\" data-id=\"5dac65f8\" data-element_type=\"container\" data-e-type=\"container\">\n\t\t\t\t\t<div class=\"e-con-inner\">\n\t\t\t\t<div class=\"elementor-element elementor-element-2b72cc6f elementor-widget elementor-widget-text-editor\" data-id=\"2b72cc6f\" data-element_type=\"widget\" data-e-type=\"widget\" data-widget_type=\"text-editor.default\">\n\t\t\t\t\t\t\t\t\t<p><style>\nh1 {<br \/>font-weight: bold;<br \/>}<br \/><\/style><\/p><h1>1. PROPIEDAD WEB<\/h1><p>Propiedad: Club de Golf El Para\u00edso S.A.U.<br>Urb. El Paraiso, Ctra de C\u00e1diz, km 167,<br>Estepona<br>M\u00e1laga<br>C.P.: 29680<br>C.I.F.: A29110723<br>Contacto: 952883835<br>Mail: info@elparaisogolf.com   <\/p><h1>Aviso legal<\/h1><p>El presente aviso legal incluye las condiciones generales que rigen el acceso y el uso del sitio web (www.elparaisogolf.com), en adelante &#8220;el Sitio Web&#8221;. El uso del sitio web implica la aceptaci\u00f3n expresa y plena de estas condiciones.<\/p><h1>1. 1. Propiedad intelectual<\/h1><p>El Paraiso Golf Clubel dominio de Internet es titularidad de El Paraiso Golf Club S.A.U. Los derechos de propiedad intelectual de esta web, su dise\u00f1o gr\u00e1fico y los c\u00f3digos que contiene, son titularidad de El Paraiso Golf Club S.A.U., salvo que se indique titularidad distinta. La reproducci\u00f3n, distribuci\u00f3n, comercializaci\u00f3n o transformaci\u00f3n de estas obras constituye una infracci\u00f3n de los derechos de propiedad intelectual de El Paraiso Golf Club S.A.U. o del titular de los mismos. Asimismo, todas las marcas o logotipos de cualquier tipo que aparezcan en el sitio web est\u00e1n protegidos por la ley. La utilizaci\u00f3n no autorizada de la informaci\u00f3n contenida en esta web, as\u00ed como los perjuicios ocasionados en la propiedad intelectual e industrial de El Paraiso Golf Club S.A.U., pueden dar lugar al ejercicio de las acciones que legalmente correspondan y, si procede, a las responsabilidades que de dicho ejercicio se deriven.<\/p><h1>2. 2. Condiciones de uso<\/h1><p>Est\u00e1 prohibido modificar el sitio web o sus contenidos. El uso indebido o no autorizado, as\u00ed como los perjuicios que se pudieran ocasionar como consecuencia del incumplimiento de esta obligaci\u00f3n, dar\u00e1 lugar al ejercicio de las acciones que legalmente correspondan y, en su caso, a las responsabilidades que de dicho ejercicio se deriven. Tanto el acceso al sitio web, como el uso que pueda hacerse de la informaci\u00f3n contenida en el mismo son de la exclusiva responsabilidad de quien lo realiza. Est\u00e1 prohibido enviar correo masivo no solicitado o no solicitado (SPAM) dirigido a las cuentas de correo electr\u00f3nico utilizadas en este sitio web. Queda prohibido utilizar este sitio web con fines comerciales o para fines inapropiados. El usuario no podr\u00e1 acceder al sitio web con intenci\u00f3n de da\u00f1ar, deteriorar, hacer un mal uso o sobrecargar los servicios y\/o la informaci\u00f3n ofrecida.<\/p><h1>3. Limitaci\u00f3n de responsabilidad<\/h1><p>Este sitio web tiene por objeto poner a disposici\u00f3n de los usuarios toda clase de informaci\u00f3n y servicios relacionados con El Paraiso Golf Club S.A.U. Se pretende garantizar la actualizaci\u00f3n y exactitud de dicha informaci\u00f3n, no obstante, El Paraiso Golf Club S.A.U. no asume responsabilidad alguna en relaci\u00f3n con la informaci\u00f3n contenida en estas p\u00e1ginas. Tanto el acceso al sitio web, como el uso que pueda hacerse de la informaci\u00f3n contenida en el mismo son de la exclusiva responsabilidad de quien lo realiza. Club de Golf El Paraiso S.A.U. no responder\u00e1 de ninguna consecuencia, da\u00f1o o perjuicio que pudieran derivarse de dicho acceso o uso de informaci\u00f3n, con excepci\u00f3n de todas aquellas actuaciones que resulten de las disposiciones legales aplicables.<\/p><h1>4. Disponibilidad del servicio<\/h1><p>El Paraiso Golf Club S.A.U. no puede garantizar plenamente el funcionamiento de la red de comunicaciones y por tanto no asume responsabilidad alguna sobre la disponibilidad de su servidor. El servidor puede ser desconectado sin previo aviso. Se har\u00e1 todo lo posible por minimizar el impacto del mantenimiento. El Paraiso Golf Club S.A.U. tampoco se responsabiliza de los da\u00f1os o perjuicios sufridos por el usuario que se deriven del acceso a este servidor o del uso de informaci\u00f3n o aplicaciones en \u00e9l contenidos.<\/p><h1>5. Enlaces a otros sitios web<\/h1><p>Los enlaces contenidos en el sitio web pueden remitir a sitios web de terceros. No se asume ninguna responsabilidad por el contenido, la informaci\u00f3n o los servicios que puedan aparecer en esos sitios.<\/p><h1>6. Modificaciones<\/h1><p>Club de Golf El Paraiso S.A.U. no garantiza la inexistencia de errores en el acceso a la web, en su contenido, ni que \u00e9ste se encuentre totalmente actualizado, aunque desarrollar\u00e1 los esfuerzos precisos para evitarlos y, en su caso, subsanarlos o actualizarlos a la mayor brevedad posible. El Paraiso Golf Club S.A.U. se reserva el derecho a realizar cambios en el sitio web sin previo aviso, con el objeto de actualizar, corregir, modificar, a\u00f1adir o eliminar sus contenidos o su dise\u00f1o.<\/p><h1>7. 7. Protecci\u00f3n de datos<\/h1><p>De conformidad con la Ley Org\u00e1nica 15\/1999, de 13 de diciembre, de Protecci\u00f3n de Datos de Car\u00e1cter Personal (LOPD), los datos que nos facilite ser\u00e1n incorporados a un fichero automatizado, que ser\u00e1 utilizado exclusivamente para la finalidad descrita en la pol\u00edtica de privacidad. Estos datos ser\u00e1n necesarios para prestar el servicio requerido por el usuario. Los datos recogidos ser\u00e1n transferidos por medios inform\u00e1ticos o archivados con el consentimiento del usuario, que tiene derecho a decidir qui\u00e9n puede utilizar sus datos, solicitar que sean exactos y que se utilicen para el fin que fueron recogidos, con las excepciones previstas en la ley. Los datos de car\u00e1cter personal ser\u00e1n tratados con el grado de protecci\u00f3n adecuado, seg\u00fan el Real Decreto 1720\/2007 de 21 de diciembre, tom\u00e1ndose las medidas de seguridad necesarias para evitar su alteraci\u00f3n, p\u00e9rdida, tratamiento o acceso no autorizado. El usuario podr\u00e1 ejercitar los derechos de acceso, rectificaci\u00f3n, cancelaci\u00f3n y oposici\u00f3n previstos en la Ley, dirigi\u00e9ndose a El Paraiso Golf Club S.A.U. en la direcci\u00f3n indicada en el encabezamiento de la pol\u00edtica de seguridad. Los datos de car\u00e1cter personal objeto de tratamiento automatizado s\u00f3lo podr\u00e1n ser cedidos, seg\u00fan lo dispuesto en el art\u00edculo 11 de la Ley Org\u00e1nica 15\/1999, de 13 de diciembre, para el cumplimiento de fines directamente relacionados con las funciones leg\u00edtimas del cedente y del cesionario con el previo consentimiento de \u00e9ste.<\/p><h1>8. Buz\u00f3n<\/h1><p>Los datos personales que puedan facilitarse por correo electr\u00f3nico a trav\u00e9s del buz\u00f3n de contacto quedan registrados en el fichero correspondiente con la finalidad de responder a las consultas y obtener datos estad\u00edsticos de las mismas.<\/p><h1>9. Google Analytics<\/h1><p>Nuestra p\u00e1gina web utiliza Google Analytics, un servicio anal\u00edtico de web prestado por Google, Inc. una compa\u00f1\u00eda de Delaware con domicilio social en 1600 Amphitheatre Parkway, Mountain View (California), CA 94043, EE.UU. (&#8220;Google&#8221;). Google Analytics utiliza &#8220;cookies&#8221;, que son archivos de texto ubicados en su ordenador, para ayudar al website a analizar el uso que hacen los usuarios del sitio web. La informaci\u00f3n que genera la cookie acerca de su uso del website (incluyendo su direcci\u00f3n IP) ser\u00e1 directamente transmitida y archivada por Google en los servidores de Estados Unidos. Google usar\u00e1 esta informaci\u00f3n por cuenta nuestra con el prop\u00f3sito de seguir la pista de su uso del website, recopilando informes de la actividad del website y prestando otros servicios relacionados con la actividad del website y el uso de Internet. Google podr\u00e1 transmitir dicha informaci\u00f3n a terceros cuando as\u00ed se lo requiera la legislaci\u00f3n, o cuando dichos terceros procesen la informaci\u00f3n por cuenta de Google. Google no asociar\u00e1 su direcci\u00f3n IP con ning\u00fan otro dato del que disponga Google. Puede Usted rechazar el tratamiento de los datos o la informaci\u00f3n rechazando el uso de cookies mediante la selecci\u00f3n de la configuraci\u00f3n apropiada de su navegador, sin embargo, debe Usted saber que si lo hace puede ser que no pueda usar la plena funcionabilidad de este website. Al utilizar este website Usted consiente el tratamiento de informaci\u00f3n acerca de Usted por Google en la forma y para los fines arriba indicados.<\/p><h1>10. Pol\u00edtica de privacidad<\/h1><p>Mediante la presente notificaci\u00f3n, El Para\u00edso Golf Club S.A.U., con domicilio en Urb. El Paraiso, Ctra de C\u00e1diz, km 167 Estepona, informa a los usuarios de la pol\u00edtica de privacidad del sitio web. La utilizaci\u00f3n del sitio web de El Paraiso Golf Club S.A.U. y de cualquiera de los servicios que se incorporan en \u00e9l supone la plena aceptaci\u00f3n de las condiciones que se manifiestan en la pol\u00edtica de privacidad que se expone.<\/p><h2>A. Recogida de datos<\/h2><p>En cumplimiento de la Ley Org\u00e1nica 15\/1999, de 13 de diciembre, de Protecci\u00f3n de Datos de Car\u00e1cter Personal (LOPD), se informa que los datos personales solicitados en nuestros formularios ser\u00e1n incluidos en un fichero de datos de car\u00e1cter personal bajo la responsabilidad de El Paraiso Golf Club S.A.U. Mediante la cumplimentaci\u00f3n de cualquiera de los formularios con los datos personales solicitados y la aceptaci\u00f3n de su env\u00edo, usted autoriza expresamente a El Paraiso Golf Club S.A.U. para que trate o incorpore en sus ficheros automatizados los datos de car\u00e1cter personal suministrados a trav\u00e9s de los mencionados formularios, as\u00ed como todos aquellos datos que se generen en relaci\u00f3n con su participaci\u00f3n o utilizaci\u00f3n de los diferentes servicios ofrecidos en este sitio web. El usuario deber\u00e1 rellenar los formularios con datos verdaderos, exactos, completos y actualizados, siendo \u00e9ste el \u00fanico responsable de cualquier da\u00f1o o perjuicio, directo e indirecto, que ocasione a El Paraiso Golf Club S.A.U. o a cualquier tercero a causa de rellenar los formularios con datos falsos, inexactos, incompletos o no actualizados o con datos de terceros.<\/p><h2>B. Objetivos del tratamiento<\/h2><p>Los datos facilitados nunca ser\u00e1n utilizados para una finalidad distinta de aquella para la que han sido cedidos y ser\u00e1n inmediatamente cancelados cuando dejen de ser necesarios para tal fin, salvo que la ley disponga otra cosa. Cuando una persona remite los datos personales y su direcci\u00f3n electr\u00f3nica a El Paraiso Golf Club S.A.U., autoriza expresamente su utilizaci\u00f3n a efectos de comunicaciones, incluyendo expresamente las que se realicen por correo electr\u00f3nico de El Paraiso Golf Club S.A.U., as\u00ed como de cualquier oferta de servicios relacionados con nuestra actividad. Adem\u00e1s de lo anterior, la recogida y tratamiento automatizado de los datos personales tiene tambi\u00e9n como finalidad la gesti\u00f3n administrativa y la realizaci\u00f3n y desarrollo de todas las actividades inform\u00e1ticas de El Para\u00edso Golf Club S.A.U., as\u00ed como la gesti\u00f3n de usuarios en los diferentes servicios puestos a su disposici\u00f3n.<\/p><h2>C. Seguridad<\/h2><p>Toda la informaci\u00f3n relativa a datos de car\u00e1cter personal recibida por El Paraiso Golf Club S.A.U. es tratada con la m\u00e1xima confidencialidad, procedi\u00e9ndose \u00fanicamente a las comunicaciones estrictamente necesarias para la prestaci\u00f3n del servicio que interese y las comunicaciones y cesiones autorizadas por el usuario a trav\u00e9s de la presente pol\u00edtica de privacidad. El Paraiso Golf Club S.A.U. ha adoptado los niveles de seguridad de protecci\u00f3n de los datos personales legalmente requeridos, y ha instalado todos los medios y medidas t\u00e9cnicas a su alcance para evitar la p\u00e9rdida, mal uso, alteraci\u00f3n y acceso no autorizado a los datos personales facilitados. En este sentido, la seguridad de la informaci\u00f3n de gesti\u00f3n del sistema se revisa continuamente.<\/p><h2>D. Transferencia de datos<\/h2><p>El usuario acepta que puedan ser cedidos sus datos, exclusivamente por las finalidades descritas con anterioridad, a entidades dependientes de El Paraiso Golf Club S.A.U. La aceptaci\u00f3n del usuario para que puedan ser tratados o procesados sus datos en la forma establecida en este p\u00e1rrafo tiene siempre car\u00e1cter revocable, sin efectos retroactivos, conforme a lo que disponen los art\u00edculos 6 y 11 de la Ley Org\u00e1nica 15\/1999, de 13 de diciembre, de Protecci\u00f3n de Datos de Car\u00e1cter Personal.<\/p><h2>E. Cookies<\/h2><p>Mediante este aviso, El Paraiso Golf Club S.A.U. comunica a los usuarios que utiliza cookies cuando el usuario navega por las pantallas y p\u00e1ginas web. Las cookies utilizadas por El Paraiso Golf Club S.A.U. son almacenadas en el disco duro del usuario pero no pueden leer los datos contenidos en \u00e9l ni leer los archivos cookie creados por otros proveedores. El Paraiso Golf Club S.A.U. utiliza las cookies con el objeto de reconocer a los usuarios que se hayan registrado y poder ofrecerles un mejor servicio y m\u00e1s personalizado. Se utilizan tambi\u00e9n para obtener informaci\u00f3n totalmente an\u00f3nima sobre datos de acceso (fecha, hora, minuto, frecuencia, etc.), para medir algunos par\u00e1metros de tr\u00e1fico dentro de la propia p\u00e1gina web y estimar el n\u00famero de visitas realizadas, de modo que El Paraiso Golf Club S.A.U. pueda enfocar y ajustar los servicios ofrecidos de forma m\u00e1s efectiva. No obstante, el usuario puede impedir la generaci\u00f3n de cookies seleccionando la opci\u00f3n correspondiente en su navegador. En este caso, el sitio web seguir\u00e1 operativo, pero sin las ventajas de la personalizaci\u00f3n.<\/p><h2>F. Modificaci\u00f3n de la presente Pol\u00edtica de Privacidad<\/h2><p>El Paraiso Golf Club S.A.U. se reserva el derecho de modificar su pol\u00edtica de protecci\u00f3n de datos de acuerdo a su criterio, o a causa de un cambio legislativo o jurisprudencial. Si El Paraiso Golf Club S.A.U. introduce alguna modificaci\u00f3n, el nuevo texto ser\u00e1 publicado en esta misma p\u00e1gina, donde el usuario podr\u00e1 tener conocimiento de la pol\u00edtica de privacidad. En cualquier caso, la relaci\u00f3n con los usuarios se regir\u00e1 por las normas previstas en el momento preciso en que se accede al sitio web.<\/p><p> <\/p>\t\t\t\t\t\t\t\t<\/div>\n\t\t\t\t\t<\/div>\n\t\t\t\t<\/div>\n\t\t\t\t<\/div>\n\t\t","protected":false},"excerpt":{"rendered":"<p>1. PROPIEDAD WEB Propiedad: Club de Golf El Para\u00edso S.A.U. Urb. El Paraiso, Ctra de C\u00e1diz, km 167, Estepona M\u00e1laga C.P.: 29680 C.I.F.: A29110723 Contacto: 952883835 Mail: info@elparaisogolf.com Aviso legal El presente aviso legal incluye las condiciones generales que rigen el acceso y el uso del sitio web (www.elparaisogolf.com), en adelante &#8220;el Sitio Web&#8221;. El [&hellip;]<\/p>\n","protected":false},"author":1,"featured_media":0,"parent":0,"menu_order":0,"comment_status":"closed","ping_status":"closed","template":"","meta":{"footnotes":""},"class_list":["post-10125","page","type-page","status-publish","hentry"],"_links":{"self":[{"href":"https:\/\/elparaisogolf.com\/es\/wp-json\/wp\/v2\/pages\/10125","targetHints":{"allow":["GET"]}}],"collection":[{"href":"https:\/\/elparaisogolf.com\/es\/wp-json\/wp\/v2\/pages"}],"about":[{"href":"https:\/\/elparaisogolf.com\/es\/wp-json\/wp\/v2\/types\/page"}],"author":[{"embeddable":true,"href":"https:\/\/elparaisogolf.com\/es\/wp-json\/wp\/v2\/users\/1"}],"replies":[{"embeddable":true,"href":"https:\/\/elparaisogolf.com\/es\/wp-json\/wp\/v2\/comments?post=10125"}],"version-history":[{"count":5,"href":"https:\/\/elparaisogolf.com\/es\/wp-json\/wp\/v2\/pages\/10125\/revisions"}],"predecessor-version":[{"id":11959,"href":"https:\/\/elparaisogolf.com\/es\/wp-json\/wp\/v2\/pages\/10125\/revisions\/11959"}],"wp:attachment":[{"href":"https:\/\/elparaisogolf.com\/es\/wp-json\/wp\/v2\/media?parent=10125"}],"curies":[{"name":"wp","href":"https:\/\/api.w.org\/{rel}","templated":true}]}}